{"id":623,"date":"2023-08-12T16:52:26","date_gmt":"2023-08-12T16:52:26","guid":{"rendered":"https:\/\/estma.com\/air-freight\/"},"modified":"2024-05-29T09:36:08","modified_gmt":"2024-05-29T09:36:08","slug":"lennukaubaveod","status":"publish","type":"page","link":"https:\/\/estma.com\/et\/teenused\/lennukaubaveod\/","title":{"rendered":"Lennukaubaveod"},"content":{"rendered":"<div class=\"ama-block block-narrow-container no-top-margin no-paddings\"><div class=\"row row-grid\"><div class=\"col-12 offset-xl-2\">\n\n<h2 class=\"wp-block-heading has-primary-color has-text-color wp-el\">\u00dclemaailmsed lennukaubaveod<\/h2>\n\n\n\n<p class=\"wp-el\"><strong><a rel=\"noreferrer noopener\" href=\"https:\/\/estma-air.com\/\" target=\"_blank\">ESTMA AIR<\/a><\/strong> koos Euroopa koost\u00f6\u00f6partnerite v\u00f5rgustikuga on \u00fcks Euroopa m\u00e4rkimisv\u00e4\u00e4rseim lennuekspediitor, kes tegutseb kogu maailmas.<\/p>\n\n\n\n<p class=\"wp-el\">Samuti on see \u00fcks k\u00f5ige suurematest lennujaamadele transporditeenust pakkuvatest ettev\u00f5tetest Eestis. Teeme koost\u00f6\u00f6d enamiku juhtivate v\u00f5i v\u00e4ikeste lennuettev\u00f5tjatega, keda esindavad nende endi kontorid v\u00f5i esindajad Baltikumis ja kogu maailmas.<\/p>\n\n\n\n<p class=\"wp-el\">Oleme spetsialiseerunud lennukaubaveole, kiireloomulistele saadetistele, lennulogistikale, lennukauba prahtimisele ja tarnetele v\u00e4ikeste kaubikutega \u00fcle kogu Euroopa, \u00fche riigi lennujaamast teise \u00fcle kogu maailma (kauglennuteenus koos l\u00f5pp-punkti toimetamisega) koos vastuv\u00f5tuv\u00f5imalusega.<\/p>\n\n\n\n<p class=\"wp-el\"><br>Selliste sihtkohtade puhul, kuhu ei ole v\u00f5imalik ainult Eestis esindatud lennufirmade abil otse lennata, organiseerime kombineeritud transpordilahenduse.<\/p>\n\n\n\n<p class=\"wp-el\">Veoste toimetamiseks lennujaamade kogumiskeskustesse kasutame <strong>maanteefiiderteenuseid<\/strong>, samuti lennuettev\u00f5tjate pakutavaid veokeid ning nii meie oma kui ka koost\u00f6\u00f6partnerite j\u00e4relhaagiseid. Neil lennukaubaveokitel on sihtkohtade vahel kindel <em>graafikukohane<\/em> marsruut.<\/p>\n\n\n\n<p class=\"wp-el\">ESTMA pakub t\u00e4isteenuspakette k\u00f5ikidesse sihtkohtadesse kogu maailmas, samuti suurem\u00f5\u00f5tmeliste ja ajatundlike kaupade vedu. Kuna saame teha koost\u00f6\u00f6d maailmas tuntud lennufirmadega, suudame tagada paindlikkuse erinevate lendude ja transpordivahendite valikul ning t\u00e4ita k\u00f5ik aja- ja hinnatundlikud soovid.<\/p>\n\n\n\n<h3 class=\"wp-block-heading has-primary-color has-text-color wp-el\">Toimetame kaubad kohale kliendi eelistuste ning kauba ja marsruudi spetsifikatsioonide p\u00f5hjal:<\/h3>\n\n\n\n<ul class=\"custom-list-style wp-block-list wp-el\">\n<li>lennuki tehniliste probleemidega seotud abi teenus <strong>24\/7<\/strong> (AOG &#8211; Aircraft On Ground) <a href=\"tel:+3725069794\"><strong>+372 50 69 794<\/strong><\/a><\/li>\n\n\n\n<li>lennujaamavahelised teenused<\/li>\n\n\n\n<li>uksest ukseni teenused<\/li>\n\n\n\n<li>kombineeritud teenused<\/li>\n\n\n\n<li>laialivedu<\/li>\n\n\n\n<li>pardakulleriteenused<\/li>\n\n\n\n<li>spetsiaalsed kiirkaubikud<\/li>\n\n\n\n<li>lennukauba prahtimine<\/li>\n\n\n\n<li>erikaubateenused (v\u00e4\u00e4rtasjad, kallid v\u00f5i suurem\u00f5\u00f5tmelised seadmed jne)<\/li>\n\n\n\n<li>ohtlik kaup<\/li>\n<\/ul>\n\n\n\n<h3 class=\"wp-block-heading has-primary-color has-text-color wp-el\">Kaubak\u00e4itluse eristamiseks on ESTMA jaganud oma lennukaubaveod mitmeks eri tooteks:<\/h3>\n\n\n\n<ul class=\"custom-list-style wp-block-list wp-el\">\n<li>lennunduslogistika (\u00f5hus\u00f5idukite varuosad \/lennundusmaterjalide tarned)<\/li>\n\n\n\n<li>laevavaruosade logistika (laevavaruosade kiireloomulised tarned)<\/li>\n\n\n\n<li>\u00fcldine kaubavedu<\/li>\n<\/ul>\n\n\n\n<h3 class=\"wp-block-heading has-primary-color has-text-color wp-el\">ESTMA ON IATA KAUBAAGENT JA ISO 9001 SERTIFIKAADIGA ETTEV\u00d5TE.<\/h3>\n\n\n\n<h4 class=\"wp-block-heading wp-el\">Kohandatud teenused<\/h4>\n\n\n\n<p class=\"wp-el\">T\u00e4nu erinevate transpordivahendite kombineerimisele ning k\u00f5ige kiiremate ja ohutumate marsruutide loomisele saame konkurentsiv\u00f5imelise hinnaga organiseerida suurte kaubakoguste tarnimist k\u00f5ikidest maailma suurematest keskustest.<\/p>\n\n\n\n<p class=\"wp-el\">ESTMA pakub nii valmisteenuseid kui ka individuaalsetele vajadustele vastavaid kohandatud lahendusi, et t\u00e4ita kliendi soovid seoses ajalimiidi, kauba suuruse ja iseloomuga ning leida sobiv marsruut ja transpordivahend.<\/p>\n\n\n\n<h4 class=\"wp-block-heading wp-el\">Ladustamine<\/h4>\n\n\n\n<p class=\"wp-el\">Meie k\u00e4sutuses on t\u00e4isvarustusega tolliladu v\u00f5i partnerite laod, kus saab turvaliselt ja usaldusv\u00e4\u00e4rselt ladustada igat t\u00fc\u00fcpi kaupu, mille jaoks on vaja erisuguseid laotingimusi.<\/p>\n\n\n\n<h4 class=\"wp-block-heading wp-el\">Dokumentatsioon<\/h4>\n\n\n\n<p class=\"wp-el\">Korraldame k\u00f5ik broneeringute ja vajalike dokumentide vormistamisega seostuva, kaasa arvatud k\u00f5ik <strong>tolliformaalsused<\/strong>.<\/p>\n\n<\/div><\/div><\/div>\n\n<div class=\"ama-block block-bgcolor has-third-background-color alignmax\"><div class=\"acf-innerblocks-container\">\n<div class=\"ama-block block-narrow-container no-top-margin no-paddings\"><div class=\"row row-grid\"><div class=\"col-12 offset-xl-2\">\n\n<h2 class=\"wp-block-heading wp-el\">Saada p\u00e4ring<\/h2>\n\n\n\n<div class=\"wp-block-contact-form-7-contact-form-selector\">\n<div class=\"wpcf7 no-js\" id=\"wpcf7-f710-o1\" lang=\"et\" dir=\"ltr\">\n<div class=\"screen-reader-response\"><p role=\"status\" aria-live=\"polite\" aria-atomic=\"true\"><\/p> <ul><\/ul><\/div>\n<form action=\"\/et\/wp-json\/wp\/v2\/pages\/623#wpcf7-f710-o1\" method=\"post\" class=\"wpcf7-form init\" aria-label=\"Contact form\" novalidate=\"novalidate\" data-status=\"init\">\n<div style=\"display: none;\">\n<input type=\"hidden\" name=\"_wpcf7\" value=\"710\" \/>\n<input type=\"hidden\" name=\"_wpcf7_version\" value=\"5.9.5\" \/>\n<input type=\"hidden\" name=\"_wpcf7_locale\" value=\"et\" \/>\n<input type=\"hidden\" name=\"_wpcf7_unit_tag\" value=\"wpcf7-f710-o1\" \/>\n<input type=\"hidden\" name=\"_wpcf7_container_post\" value=\"0\" \/>\n<input type=\"hidden\" name=\"_wpcf7_posted_data_hash\" value=\"\" \/>\n<\/div>\n<div class=\"row row-grid\">\n<div class=\"col-12 col-md-6\"><label>Nimi *<\/label><span class=\"wpcf7-form-control-wrap\" data-name=\"contact-name\"><input size=\"40\" class=\"wpcf7-form-control wpcf7-text wpcf7-validates-as-required\" autocomplete=\"off\" aria-required=\"true\" aria-invalid=\"false\" placeholder=\"Sisesta oma nimi\" value=\"\" type=\"text\" name=\"contact-name\" \/><\/span><\/div>\n<div class=\"col-12 col-md-6\"><label>Ettev\u00f5te *<\/label><span class=\"wpcf7-form-control-wrap\" data-name=\"contact-company\"><input size=\"40\" class=\"wpcf7-form-control wpcf7-text wpcf7-validates-as-required\" autocomplete=\"off\" aria-required=\"true\" aria-invalid=\"false\" placeholder=\"Sisesta ettev\u00f5tte nimi\" value=\"\" type=\"text\" name=\"contact-company\" \/><\/span><\/div>\n<div class=\"col-12 col-md-6\"><label>Telefon *<\/label><span class=\"wpcf7-form-control-wrap\" data-name=\"contact-phone\"><input size=\"40\" class=\"wpcf7-form-control wpcf7-text wpcf7-validates-as-required\" autocomplete=\"off\" aria-required=\"true\" aria-invalid=\"false\" placeholder=\"Sisesta telefoninumber\" value=\"\" type=\"text\" name=\"contact-phone\" \/><\/span><\/div>\n<div class=\"col-12 col-md-6\"><label>E-post *<\/label><span class=\"wpcf7-form-control-wrap\" data-name=\"contact-email\"><input size=\"40\" class=\"wpcf7-form-control wpcf7-email wpcf7-validates-as-required wpcf7-text wpcf7-validates-as-email\" autocomplete=\"off\" aria-required=\"true\" aria-invalid=\"false\" placeholder=\"Sisesta e-posti aadress\" value=\"\" type=\"email\" name=\"contact-email\" \/><\/span><\/div>\n<div class=\"col-12 col-md-6\"><label>Regioon<\/label><span class=\"wpcf7-form-control-wrap\" data-name=\"contact-region\"><select class=\"wpcf7-form-control wpcf7-select\" aria-invalid=\"false\" name=\"contact-region\"><option value=\"Eesti\">Eesti<\/option><option value=\"L\u00e4ti\">L\u00e4ti<\/option><option value=\"Leedu\">Leedu<\/option><option value=\"Venemaa\">Venemaa<\/option><option value=\"Kasahstan\">Kasahstan<\/option><option value=\"Suubritannia\">Suubritannia<\/option><option value=\"Muu\">Muu<\/option><\/select><\/span><\/div>\n<div class=\"col-12 col-md-6\"><label>Koduleht<\/label><span class=\"wpcf7-form-control-wrap\" data-name=\"contact-url\"><input size=\"40\" class=\"wpcf7-form-control wpcf7-text\" autocomplete=\"off\" aria-invalid=\"false\" placeholder=\"Sisesta kodulehe aadress\" value=\"\" type=\"text\" name=\"contact-url\" \/><\/span><\/div>\n<div class=\"col-12\"><label>S\u00f5num<\/label><span class=\"wpcf7-form-control-wrap\" data-name=\"contact-remark\"><textarea cols=\"40\" rows=\"10\" class=\"wpcf7-form-control wpcf7-textarea\" aria-invalid=\"false\" placeholder=\"Kirjuta oma k\u00fcsimused ja soovid vabas vormis\" name=\"contact-remark\"><\/textarea><\/span><\/div>\n<div class=\"col-12 text-center\"><input class=\"wpcf7-form-control wpcf7-submit has-spinner\" type=\"submit\" value=\"Saada\" \/><\/div>\n<\/div>\n<span class=\"wpcf7-form-control-wrap form-page-title\" data-name=\"form-page-title\"><input type=\"hidden\" name=\"form-page-title\" id=\"\" class=\"wpcf7-form-control wpcf7-hidden wpcf7dtx wpcf7dtx-hidden\" aria-invalid=\"false\" value=\"Lennukaubaveod\" \/><\/span>\n<span class=\"wpcf7-form-control-wrap form-page-url\" data-name=\"form-page-url\"><input type=\"hidden\" name=\"form-page-url\" id=\"\" class=\"wpcf7-form-control wpcf7-hidden wpcf7dtx wpcf7dtx-hidden\" aria-invalid=\"false\" value=\"https:\/\/estma.com\/et\/wp-json\/wp\/v2\/pages\/623\" \/><\/span><div class=\"wpcf7-response-output\" aria-hidden=\"true\"><\/div>\n<\/form>\n<\/div>\n<\/div>\n\n<\/div><\/div><\/div>\n<\/div><\/div>","protected":false},"excerpt":{"rendered":"","protected":false},"author":1,"featured_media":0,"parent":655,"menu_order":15,"comment_status":"closed","ping_status":"closed","template":"","meta":{"inline_featured_image":false,"footnotes":""},"class_list":["post-623","page","type-page","status-publish","hentry"],"acf":[],"_links":{"self":[{"href":"https:\/\/estma.com\/et\/wp-json\/wp\/v2\/pages\/623","targetHints":{"allow":["GET"]}}],"collection":[{"href":"https:\/\/estma.com\/et\/wp-json\/wp\/v2\/pages"}],"about":[{"href":"https:\/\/estma.com\/et\/wp-json\/wp\/v2\/types\/page"}],"author":[{"embeddable":true,"href":"https:\/\/estma.com\/et\/wp-json\/wp\/v2\/users\/1"}],"replies":[{"embeddable":true,"href":"https:\/\/estma.com\/et\/wp-json\/wp\/v2\/comments?post=623"}],"version-history":[{"count":7,"href":"https:\/\/estma.com\/et\/wp-json\/wp\/v2\/pages\/623\/revisions"}],"predecessor-version":[{"id":1529,"href":"https:\/\/estma.com\/et\/wp-json\/wp\/v2\/pages\/623\/revisions\/1529"}],"up":[{"embeddable":true,"href":"https:\/\/estma.com\/et\/wp-json\/wp\/v2\/pages\/655"}],"wp:attachment":[{"href":"https:\/\/estma.com\/et\/wp-json\/wp\/v2\/media?parent=623"}],"curies":[{"name":"wp","href":"https:\/\/api.w.org\/{rel}","templated":true}]}}