{"id":626,"date":"2023-08-12T16:52:26","date_gmt":"2023-08-12T16:52:26","guid":{"rendered":"https:\/\/estma.com\/freight-forwarding\/"},"modified":"2024-05-29T10:01:37","modified_gmt":"2024-05-29T10:01:37","slug":"kaupade-ekspedeerimine","status":"publish","type":"page","link":"https:\/\/estma.com\/et\/teenused\/kaupade-ekspedeerimine\/","title":{"rendered":"Kaupade ekspedeerimine"},"content":{"rendered":"<div class=\"ama-block block-narrow-container no-top-margin no-paddings\"><div class=\"row row-grid\"><div class=\"col-12 offset-xl-2\">\n\n<h2 class=\"wp-block-heading has-primary-color has-text-color wp-el\">Nutikamad lahendused<\/h2>\n\n\n\n<p class=\"wp-el\">Ekspediitoril on optimaalse logistika tagamisel p\u00f5hiroll. Seet\u00f5ttu on ESTMA teeninduse p\u00f5hikriteeriumid usaldusv\u00e4\u00e4rsus, ajagraafik ja maksumus. Me organiseerime ja koordineerime \u00fclemaailmset veoste transporti, pakume uksest ukseni teenust ning korraldame <strong>raudtee-, maantee-, lennu- <\/strong>ja<strong> meretransporti<\/strong>.<br><br>Pakume nii vastuv\u00f5tu-, k\u00e4itlus- kui ka ladustamislahendusi ning korraldame kas iseseisvalt v\u00f5i oma partnerite abiga veoste tollivormistust, kindlustust, arvepidamist ja inspekteerimist.<\/p>\n\n\n\n<p class=\"wp-el\">ESTMA pakub l\u00fchimaid v\u00f5imalikke transiidit\u00e4htaegu, usaldusv\u00e4\u00e4rset teenindust, p\u00e4\u00e4su k\u00f5ikidesse vajalikesse sihtkohtadesse, suutlikkust t\u00e4ita ainulaadseid soove ning kaupade kaitset.<\/p>\n\n\n\n<p class=\"wp-el\">Meie klientide eesm\u00e4rk on l\u00fchendada t\u00e4itmisaegu ning parandada teabevooge, suurendada ettev\u00f5tte \u00fcldist t\u00f5husust ja parandada kvaliteeti ning lihtsustada asjaajamise korda. See on koht, kus ESTMA m\u00e4ngu tuleb \u2013 <strong>k\u00f5ik \u00fches teenuses<\/strong>.<\/p>\n\n\n\n<div class=\"wp-block-columns is-layout-flex wp-container-core-columns-is-layout-28f84493 wp-block-columns-is-layout-flex\">\n<div class=\"wp-block-column is-layout-flow wp-block-column-is-layout-flow\" style=\"flex-basis:100%\">\n<figure class=\"wp-block-image size-large history-image no-grayscale-img\"><img loading=\"lazy\" decoding=\"async\" width=\"1380\" height=\"359\" src=\"https:\/\/estma.com\/wp-content\/uploads\/2024\/05\/Freight-Forwarding-2-1380x359.png\" alt=\"\" class=\"wp-image-1610\" srcset=\"https:\/\/estma.com\/wp-content\/uploads\/2024\/05\/Freight-Forwarding-2-1380x359.png 1380w, https:\/\/estma.com\/wp-content\/uploads\/2024\/05\/Freight-Forwarding-2-1920x500.png 1920w\" sizes=\"auto, (max-width: 1380px) 100vw, 1380px\" \/><\/figure>\n<\/div>\n<\/div>\n\n\n\n<h2 class=\"wp-block-heading has-primary-color has-text-color wp-el\">Ekspedeerimisteenused<\/h2>\n\n\n\n<ul class=\"custom-list-style wp-block-list wp-el\">\n<li>Uksest ukseni kohaletoimetamine veoauto, laeva, lennuki v\u00f5i rongiga<\/li>\n\n\n\n<li>Mitut transpordiliiki h\u00f5lmav logistika<\/li>\n\n\n\n<li>Osakoorem (LCL)<\/li>\n\n\n\n<li>Kaupade konsolideerimine<\/li>\n\n\n\n<li>Dokumentatsiooni k\u00e4sitlemine<\/li>\n\n\n\n<li>Kaupade ekspedeerimine raudteel Balti riikidest\/riikidesse ja SR\u00dcst\/SR\u00dcsse<\/li>\n\n\n\n<li>Tollilaos ja k\u00fclmhoones hoiustamine<\/li>\n\n\n\n<li>K\u00fclmutuskonteinerite ladustamine<\/li>\n\n\n\n<li>Projektiveosed<\/li>\n\n\n\n<li>Tollivormistus<\/li>\n\n\n\n<li>Kaupade kindlustamine<\/li>\n\n\n\n<li>M\u00e4rgistamine<\/li>\n\n\n\n<li>Pakkimine\/\u00fcmberpakendamine<\/li>\n\n\n\n<li>Standardsete ja k\u00fclmutuskonteinerite remont<\/li>\n\n\n\n<li>Kvaliteedi- ja kvantiteedikontroll Kindlustus<\/li>\n<\/ul>\n\n\n\n<h2 class=\"wp-block-heading has-primary-color has-text-color wp-el\">Konteinerveod:<\/h2>\n\n\n\n<h3 class=\"wp-block-heading has-primary-color has-text-color wp-el\">\u00dcleilmne uksest ukseni konteinervedude teenus mere-, maantee- ja raudteetranspordiga<\/h3>\n\n\n\n<ul class=\"custom-list-style wp-block-list wp-el\">\n<li>\u00dcleilmsed regulaarsed FCL\/LCL-teenused liinilaevadega<\/li>\n\n\n\n<li>Euroopasisesed transporditeenused k\u00f5igisse ELi ja kolmandatesse riikidesse ning k\u00f5igist ELi ja kolmandatest riikidest<\/li>\n\n\n\n<li>FCL\/LCL-teenused veokite ja rongidega Balti riikidesse\/riikidest ja SR\u00dcsse\/SR\u00dcst<\/li>\n<\/ul>\n\n\n\n<h3 class=\"wp-block-heading has-primary-color has-text-color wp-el\">Kasutusel olevad konteinerid, kuhu sobib igat liiki kaup:<\/h3>\n\n\n\n<ul class=\"custom-list-style wp-block-list wp-el\">\n<li>20&#8217;\/40&#8242; standardsed v\u00f5i 40&#8242; k\u00f5rged kuivlastikonteinerid<\/li>\n\n\n\n<li>lahtised \/ eemaldatava katusega konteinerid<\/li>\n\n\n\n<li>k\u00fclmutus-\/isotermilised konteinerid<\/li>\n\n\n\n<li>platvormkonteinerid<\/li>\n\n\n\n<li>tsisternkonteinerid<\/li>\n\n\n\n<li>Osakoorem (LCL) on paindlik ja kulut\u00f5hus v\u00f5imalus v\u00e4iksemate, v\u00e4hem ajakriitiliste saadetiste transportimiseks maailma suuremate sadamate ja jaotuskeskuste vahel.<\/li>\n\n\n\n<li>See paindlik saatmismeetod sobib k\u00f5igele alates v\u00e4ikesest pakist kuni suure saadetiseni. Eeliseks on see, et saate oma kauba teele saata niipea, kui see on valmis, selle asemel, et oodata, kuni teie kaupa koguneb nii palju, et t\u00e4idab kogu konteineri v\u00f5i muu transpordivahendi (lennuk, veoauto jne).<\/li>\n\n\n\n<li>Olenevalt marsruudist, sihtkohast ja n\u00f5uetest v\u00f5ib LCL-ina saatmine olla kallim kui FCLi puhul, seega k\u00fcsige ESTMA-lt hinnapakkumist.<\/li>\n\n\n\n<li>LCL-saadetise korral kasutavad sama veoteenust mitu saatjat. Kui kauba mahust ei piisa kogu konteineri t\u00e4itmiseks, on LCL-saadetis tavaliselt odavam, sest \u00fclej\u00e4\u00e4nud osa kogu konteineri veo hinnast tasub\/tasuvad teine\/teised saatja(d).<\/li>\n\n\n\n<li>Klient peab maksma ainult tema kauba ruumi eest, sest \u00fclej\u00e4\u00e4nud osas veoruumist on teised saadetised. Saate saata v\u00e4hem kaupu sagedamini \u2013 nii v\u00e4henevad \u00fcldkulud ja laoruumi vajadus. Eriti h\u00e4sti sobib see siis, kui saatmisega ei ole kiire.<\/li>\n\n\n\n<li>Lennusaadetiste eest tasutakse kas bruto- v\u00f5i mahukaalu alusel, olenevalt sellest, kumb on suurem. Kuna ookeani-LCL puhul tasutakse kuupmeetri alusel (v\u00f5i 1000 kg kohta, olenevalt sellest, kumb on suurem), on see majanduslikult kasulik v\u00e4ikeste aga raskete saadetiste korral.<\/li>\n<\/ul>\n\n\n\n<h2 class=\"wp-block-heading has-primary-color has-text-color wp-el\">Raudteeveod<\/h2>\n\n\n\n<p class=\"wp-el\">Raudteeveod on ESTMA \u00fcks prioriteetne tegevusvaldkond juba \u00fcle 10 aasta. T\u00e4nu kontorite suurep\u00e4rasele asukohale Riia, Tallinna ja Klaip\u0117da sadamates v\u00f5tab firma vastu kaupa, mis saabub Euroopa Liidu riikidest, P\u00f5hja- ja L\u00f5una-Ameerikast, Hiinast ja teistest riikidest, ning toimetab need raudteed m\u00f6\u00f6da kohale Kasahstani, Usbekistani, T\u00fcrkmenistani, Aserbaid\u017eaani, Mongooliasse ja mujale.<\/p>\n\n\n\n<h2 class=\"wp-block-heading has-primary-color has-text-color wp-el\">Raudteeteenuste valik<\/h2>\n\n\n\n<ul class=\"custom-list-style wp-block-list wp-el\">\n<li>Oma vagunite k\u00e4ttesaadavus<\/li>\n\n\n\n<li>Kliendi kauba veoks mistahes veeremi v\u00f5imaldamine, nii raudtee \u00fcldpargi kui oma pargi kaasamisega: universaalsed platvormvagunid ja konteinervagunid, poolvagunid ja kinnised vagunid, transporterid ja erivagunid<\/li>\n\n\n\n<li>Kauba konsolideerimine\/\u00fcmberlaadimine ja edasitoimetamine tavalise raudteetranspordiga<\/li>\n\n\n\n<li>Kogu paberimajanduse korraldamine, mis on vajalik kauba laadimiskohast sihtjaama toimetamiseks<\/li>\n\n\n\n<li>Mistahes liiki ja keerukusega vedude tariifide arvestamine \u2013 mitmeliigilise transpordi, suurem\u00f5\u00f5tmeliste ja ohtlike kaupade veolahendused<\/li>\n\n\n\n<li>Raudteetariifide tasumine raudteeoperaatoritega s\u00f5lmitud otselepingute alusel ja koost\u00f6\u00f6s ekspediitorfirmadega k\u00f5igis 1520 ja 1430 mm r\u00f6\u00f6pmelaiusega raudteega riikides<\/li>\n\n\n\n<li>Raudteevagunite teekonna j\u00e4lgimine<\/li>\n<\/ul>\n\n\n\n<h2 class=\"wp-block-heading has-primary-color has-text-color wp-el\">ESTMA raudteekogemus h\u00f5lmab allj\u00e4rgnevat:<\/h2>\n\n\n\n<ul class=\"custom-list-style wp-block-list wp-el\">\n<li>eritingimusi n\u00f5udvad kaubad \u2013 konservid, joogid<\/li>\n\n\n\n<li>diplomaatilised kaubad ja saatkondadele saadetavad kaubad<\/li>\n\n\n\n<li>veterinaarkaubad \u2013 loomas\u00f6\u00f6dad, s\u00f6\u00f6dalisandid<\/li>\n\n\n\n<li>ohtlikud kaubad ja kauba saatja v\u00f5i saaja esindaja kaasas\u00f5itmist n\u00f5udvad kaubad<\/li>\n\n\n\n<li>suurem\u00f5\u00f5tmelised kaubad (sh lahtisel veeremil)<\/li>\n\n\n\n<li>tundlikud kaubad \u2013 kosmeetikavahendid, kondiitritooted, ravimid, humanitaarabi<\/li>\n<\/ul>\n\n\n\n<p class=\"has-primary-color has-text-color wp-el\"><strong>Pakume nii valmisteenuseid kui ka individuaalsetele vajadustele vastavaid kohandatud lahendusi, et t\u00e4ita kliendi soovid seoses ajalimiidi, kauba suuruse ja iseloomuga ning leida sobiv marsruut ja transpordivahend.<\/strong><\/p>\n\n<\/div><\/div><\/div>\n\n<div class=\"ama-block block-bgcolor has-third-background-color alignmax\"><div class=\"acf-innerblocks-container\">\n<div class=\"ama-block block-narrow-container no-top-margin no-paddings\"><div class=\"row row-grid\"><div class=\"col-12 offset-xl-2\">\n\n<h2 class=\"wp-block-heading wp-el\">Saada p\u00e4ring<\/h2>\n\n\n\n<div class=\"wp-block-contact-form-7-contact-form-selector\">\n<div class=\"wpcf7 no-js\" id=\"wpcf7-f710-o1\" lang=\"et\" dir=\"ltr\">\n<div class=\"screen-reader-response\"><p role=\"status\" aria-live=\"polite\" aria-atomic=\"true\"><\/p> <ul><\/ul><\/div>\n<form action=\"\/et\/wp-json\/wp\/v2\/pages\/626#wpcf7-f710-o1\" method=\"post\" class=\"wpcf7-form init\" aria-label=\"Contact form\" novalidate=\"novalidate\" data-status=\"init\">\n<div style=\"display: none;\">\n<input type=\"hidden\" name=\"_wpcf7\" value=\"710\" \/>\n<input type=\"hidden\" name=\"_wpcf7_version\" value=\"5.9.5\" \/>\n<input type=\"hidden\" name=\"_wpcf7_locale\" value=\"et\" \/>\n<input type=\"hidden\" name=\"_wpcf7_unit_tag\" value=\"wpcf7-f710-o1\" \/>\n<input type=\"hidden\" name=\"_wpcf7_container_post\" value=\"0\" \/>\n<input type=\"hidden\" name=\"_wpcf7_posted_data_hash\" value=\"\" \/>\n<\/div>\n<div class=\"row row-grid\">\n<div class=\"col-12 col-md-6\"><label>Nimi *<\/label><span class=\"wpcf7-form-control-wrap\" data-name=\"contact-name\"><input size=\"40\" class=\"wpcf7-form-control wpcf7-text wpcf7-validates-as-required\" autocomplete=\"off\" aria-required=\"true\" aria-invalid=\"false\" placeholder=\"Sisesta oma nimi\" value=\"\" type=\"text\" name=\"contact-name\" \/><\/span><\/div>\n<div class=\"col-12 col-md-6\"><label>Ettev\u00f5te *<\/label><span class=\"wpcf7-form-control-wrap\" data-name=\"contact-company\"><input size=\"40\" class=\"wpcf7-form-control wpcf7-text wpcf7-validates-as-required\" autocomplete=\"off\" aria-required=\"true\" aria-invalid=\"false\" placeholder=\"Sisesta ettev\u00f5tte nimi\" value=\"\" type=\"text\" name=\"contact-company\" \/><\/span><\/div>\n<div class=\"col-12 col-md-6\"><label>Telefon *<\/label><span class=\"wpcf7-form-control-wrap\" data-name=\"contact-phone\"><input size=\"40\" class=\"wpcf7-form-control wpcf7-text wpcf7-validates-as-required\" autocomplete=\"off\" aria-required=\"true\" aria-invalid=\"false\" placeholder=\"Sisesta telefoninumber\" value=\"\" type=\"text\" name=\"contact-phone\" \/><\/span><\/div>\n<div class=\"col-12 col-md-6\"><label>E-post *<\/label><span class=\"wpcf7-form-control-wrap\" data-name=\"contact-email\"><input size=\"40\" class=\"wpcf7-form-control wpcf7-email wpcf7-validates-as-required wpcf7-text wpcf7-validates-as-email\" autocomplete=\"off\" aria-required=\"true\" aria-invalid=\"false\" placeholder=\"Sisesta e-posti aadress\" value=\"\" type=\"email\" name=\"contact-email\" \/><\/span><\/div>\n<div class=\"col-12 col-md-6\"><label>Regioon<\/label><span class=\"wpcf7-form-control-wrap\" data-name=\"contact-region\"><select class=\"wpcf7-form-control wpcf7-select\" aria-invalid=\"false\" name=\"contact-region\"><option value=\"Eesti\">Eesti<\/option><option value=\"L\u00e4ti\">L\u00e4ti<\/option><option value=\"Leedu\">Leedu<\/option><option value=\"Venemaa\">Venemaa<\/option><option value=\"Kasahstan\">Kasahstan<\/option><option value=\"Suubritannia\">Suubritannia<\/option><option value=\"Muu\">Muu<\/option><\/select><\/span><\/div>\n<div class=\"col-12 col-md-6\"><label>Koduleht<\/label><span class=\"wpcf7-form-control-wrap\" data-name=\"contact-url\"><input size=\"40\" class=\"wpcf7-form-control wpcf7-text\" autocomplete=\"off\" aria-invalid=\"false\" placeholder=\"Sisesta kodulehe aadress\" value=\"\" type=\"text\" name=\"contact-url\" \/><\/span><\/div>\n<div class=\"col-12\"><label>S\u00f5num<\/label><span class=\"wpcf7-form-control-wrap\" data-name=\"contact-remark\"><textarea cols=\"40\" rows=\"10\" class=\"wpcf7-form-control wpcf7-textarea\" aria-invalid=\"false\" placeholder=\"Kirjuta oma k\u00fcsimused ja soovid vabas vormis\" name=\"contact-remark\"><\/textarea><\/span><\/div>\n<div class=\"col-12 text-center\"><input class=\"wpcf7-form-control wpcf7-submit has-spinner\" type=\"submit\" value=\"Saada\" \/><\/div>\n<\/div>\n<span class=\"wpcf7-form-control-wrap form-page-title\" data-name=\"form-page-title\"><input type=\"hidden\" name=\"form-page-title\" id=\"\" class=\"wpcf7-form-control wpcf7-hidden wpcf7dtx wpcf7dtx-hidden\" aria-invalid=\"false\" value=\"Kaupade ekspedeerimine\" \/><\/span>\n<span class=\"wpcf7-form-control-wrap form-page-url\" data-name=\"form-page-url\"><input type=\"hidden\" name=\"form-page-url\" id=\"\" class=\"wpcf7-form-control wpcf7-hidden wpcf7dtx wpcf7dtx-hidden\" aria-invalid=\"false\" value=\"https:\/\/estma.com\/et\/wp-json\/wp\/v2\/pages\/626\" \/><\/span><div class=\"wpcf7-response-output\" aria-hidden=\"true\"><\/div>\n<\/form>\n<\/div>\n<\/div>\n\n<\/div><\/div><\/div>\n<\/div><\/div>","protected":false},"excerpt":{"rendered":"","protected":false},"author":1,"featured_media":0,"parent":655,"menu_order":18,"comment_status":"closed","ping_status":"closed","template":"","meta":{"inline_featured_image":false,"footnotes":""},"class_list":["post-626","page","type-page","status-publish","hentry"],"acf":[],"_links":{"self":[{"href":"https:\/\/estma.com\/et\/wp-json\/wp\/v2\/pages\/626","targetHints":{"allow":["GET"]}}],"collection":[{"href":"https:\/\/estma.com\/et\/wp-json\/wp\/v2\/pages"}],"about":[{"href":"https:\/\/estma.com\/et\/wp-json\/wp\/v2\/types\/page"}],"author":[{"embeddable":true,"href":"https:\/\/estma.com\/et\/wp-json\/wp\/v2\/users\/1"}],"replies":[{"embeddable":true,"href":"https:\/\/estma.com\/et\/wp-json\/wp\/v2\/comments?post=626"}],"version-history":[{"count":12,"href":"https:\/\/estma.com\/et\/wp-json\/wp\/v2\/pages\/626\/revisions"}],"predecessor-version":[{"id":1618,"href":"https:\/\/estma.com\/et\/wp-json\/wp\/v2\/pages\/626\/revisions\/1618"}],"up":[{"embeddable":true,"href":"https:\/\/estma.com\/et\/wp-json\/wp\/v2\/pages\/655"}],"wp:attachment":[{"href":"https:\/\/estma.com\/et\/wp-json\/wp\/v2\/media?parent=626"}],"curies":[{"name":"wp","href":"https:\/\/api.w.org\/{rel}","templated":true}]}}