{"id":629,"date":"2023-08-12T16:52:26","date_gmt":"2023-08-12T16:52:26","guid":{"rendered":"https:\/\/estma.com\/warehousing\/"},"modified":"2024-05-29T09:52:51","modified_gmt":"2024-05-29T09:52:51","slug":"ladustamine","status":"publish","type":"page","link":"https:\/\/estma.com\/et\/teenused\/ladustamine\/","title":{"rendered":"Ladustamine"},"content":{"rendered":"<div class=\"ama-block block-narrow-container no-top-margin no-paddings\"><div class=\"row row-grid\"><div class=\"col-12 offset-xl-2\">\n\n<p class=\"wp-el\">ESTMA Terminal pakub professionaalset lao- ja terminaliteenust. Meil on tollilaoteenuste osutamiseks olemas tollilitsents. Kogu laokompleks on kindlustatud ning pideva mehitatud ja videovalve all. J\u00e4rgitakse rangelt k\u00f5iki t\u00f6\u00f6tajate ohutusmeetmeid.<\/p>\n\n\n\n<h2 class=\"wp-block-heading has-primary-color has-text-color wp-el\">Ladustamisv\u00f5imsus:<\/h2>\n\n\n\n<ul class=\"custom-list-style wp-block-list wp-el\">\n<li>Laohoone: 12&nbsp;000&nbsp;m\u00b2, mahutab 3900 alust (EUR\/FIN)<\/li>\n\n\n\n<li>V\u00e4line laoplats: 3000&nbsp;m\u00b2, mahutab 100&nbsp;s\u00f5iduautot, 64&nbsp;konteinerit (20&#8242;) ja 23&nbsp;haagist<\/li>\n\n\n\n<li>Depoo: 8000&nbsp;m\u00b2 laoplats konteineritele ja haagistele<\/li>\n\n\n\n<li>Terminali valduses on raudteeharu, mida m\u00f6\u00f6da p\u00e4\u00e4seb otse p\u00f5hiraudtees\u00fcsteemi. ESTMA Terminalis k\u00e4sitleme k\u00f5iki vajalikke dokumente (sh k\u00f5ik tolliformaalsused)<\/li>\n<\/ul>\n\n\n\n<p class=\"wp-el\">* Tubaka ja alkoholi hoiustamise litsents (Eesti Maksu- ja Tolliametilt)<\/p>\n\n\n\n<h2 class=\"wp-block-heading has-primary-color has-text-color wp-el\">Konsolideerimis- ja jaotusteenused<\/h2>\n\n\n\n<ul class=\"custom-list-style wp-block-list wp-el\">\n<li>Pakkimine, lahti- ja \u00fcmberpakkimine<\/li>\n\n\n\n<li>Konsolideeritud veoks komplekteerimine<\/li>\n\n\n\n<li>LCLi ja r\u00fchmaveose ettevalmistamine jaotamiseks<\/li>\n\n\n\n<li>Kaalumisteenused<\/li>\n\n\n\n<li>Omanike vahetuse korraldamine tollilaos<\/li>\n\n\n\n<li>Interchange operations<\/li>\n<\/ul>\n\n\n\n<h2 class=\"wp-block-heading has-primary-color has-text-color wp-el\">Tollimaakleri teenused<\/h2>\n\n\n\n<ul class=\"custom-list-style wp-block-list wp-el\">\n<li>Imporditollimaksude ajaldatud tasumine<\/li>\n\n\n\n<li>Tollikontroll<\/li>\n\n\n\n<li>Tollivormistus<\/li>\n\n\n\n<li>Tollideklaratsioonide ja CMRide t\u00e4itmine ja vormistamine<\/li>\n\n\n\n<li>TIRi raamatu avamine<\/li>\n\n\n\n<li>Kauba saatedokumentide t\u00e4itmine ja vormistamine<\/li>\n\n\n\n<li>Kaebuste menetlemine<\/li>\n<\/ul>\n\n\n\n<h2 class=\"wp-block-heading has-primary-color has-text-color wp-el\">Konteinerite hooldus ja remont<\/h2>\n\n\n\n<ul class=\"custom-list-style wp-block-list wp-el\">\n<li>20\u2019 &amp; 40\u2019 standardsed v\u00f5i k\u00f5rged kuivlastikonteinerid<\/li>\n\n\n\n<li>Pealt avatud ja eemaldatava katusega konteinerid<\/li>\n<\/ul>\n\n\n\n<h2 class=\"wp-block-heading has-primary-color has-text-color wp-el\">Uksest ukseni ekspedeerimisteenused<\/h2>\n\n\n\n<ul class=\"custom-list-style wp-block-list wp-el\">\n<li>Rahvusvaheline ekspedeerimine auto-, raudtee- ja merentranspordiga<\/li>\n\n\n\n<li>Riigisisene ekspedeerimine auto- ja raudteetranspordiga<\/li>\n\n\n\n<li>Kaupade riigisisene transport kaubikutega<\/li>\n<\/ul>\n\n<\/div><\/div><\/div>\n\n<div class=\"ama-block block-bgcolor has-third-background-color alignmax\"><div class=\"acf-innerblocks-container\">\n<div class=\"ama-block block-narrow-container no-top-margin no-paddings\"><div class=\"row row-grid\"><div class=\"col-12 offset-xl-2\">\n\n<h2 class=\"wp-block-heading wp-el\">Saada p\u00e4ring<\/h2>\n\n\n\n<div class=\"wp-block-contact-form-7-contact-form-selector\">\n<div class=\"wpcf7 no-js\" id=\"wpcf7-f710-o1\" lang=\"et\" dir=\"ltr\">\n<div class=\"screen-reader-response\"><p role=\"status\" aria-live=\"polite\" aria-atomic=\"true\"><\/p> <ul><\/ul><\/div>\n<form action=\"\/et\/wp-json\/wp\/v2\/pages\/629#wpcf7-f710-o1\" method=\"post\" class=\"wpcf7-form init\" aria-label=\"Contact form\" novalidate=\"novalidate\" data-status=\"init\">\n<div style=\"display: none;\">\n<input type=\"hidden\" name=\"_wpcf7\" value=\"710\" \/>\n<input type=\"hidden\" name=\"_wpcf7_version\" value=\"5.9.5\" \/>\n<input type=\"hidden\" name=\"_wpcf7_locale\" value=\"et\" \/>\n<input type=\"hidden\" name=\"_wpcf7_unit_tag\" value=\"wpcf7-f710-o1\" \/>\n<input type=\"hidden\" name=\"_wpcf7_container_post\" value=\"0\" \/>\n<input type=\"hidden\" name=\"_wpcf7_posted_data_hash\" value=\"\" \/>\n<\/div>\n<div class=\"row row-grid\">\n<div class=\"col-12 col-md-6\"><label>Nimi *<\/label><span class=\"wpcf7-form-control-wrap\" data-name=\"contact-name\"><input size=\"40\" class=\"wpcf7-form-control wpcf7-text wpcf7-validates-as-required\" autocomplete=\"off\" aria-required=\"true\" aria-invalid=\"false\" placeholder=\"Sisesta oma nimi\" value=\"\" type=\"text\" name=\"contact-name\" \/><\/span><\/div>\n<div class=\"col-12 col-md-6\"><label>Ettev\u00f5te *<\/label><span class=\"wpcf7-form-control-wrap\" data-name=\"contact-company\"><input size=\"40\" class=\"wpcf7-form-control wpcf7-text wpcf7-validates-as-required\" autocomplete=\"off\" aria-required=\"true\" aria-invalid=\"false\" placeholder=\"Sisesta ettev\u00f5tte nimi\" value=\"\" type=\"text\" name=\"contact-company\" \/><\/span><\/div>\n<div class=\"col-12 col-md-6\"><label>Telefon *<\/label><span class=\"wpcf7-form-control-wrap\" data-name=\"contact-phone\"><input size=\"40\" class=\"wpcf7-form-control wpcf7-text wpcf7-validates-as-required\" autocomplete=\"off\" aria-required=\"true\" aria-invalid=\"false\" placeholder=\"Sisesta telefoninumber\" value=\"\" type=\"text\" name=\"contact-phone\" \/><\/span><\/div>\n<div class=\"col-12 col-md-6\"><label>E-post *<\/label><span class=\"wpcf7-form-control-wrap\" data-name=\"contact-email\"><input size=\"40\" class=\"wpcf7-form-control wpcf7-email wpcf7-validates-as-required wpcf7-text wpcf7-validates-as-email\" autocomplete=\"off\" aria-required=\"true\" aria-invalid=\"false\" placeholder=\"Sisesta e-posti aadress\" value=\"\" type=\"email\" name=\"contact-email\" \/><\/span><\/div>\n<div class=\"col-12 col-md-6\"><label>Regioon<\/label><span class=\"wpcf7-form-control-wrap\" data-name=\"contact-region\"><select class=\"wpcf7-form-control wpcf7-select\" aria-invalid=\"false\" name=\"contact-region\"><option value=\"Eesti\">Eesti<\/option><option value=\"L\u00e4ti\">L\u00e4ti<\/option><option value=\"Leedu\">Leedu<\/option><option value=\"Venemaa\">Venemaa<\/option><option value=\"Kasahstan\">Kasahstan<\/option><option value=\"Suubritannia\">Suubritannia<\/option><option value=\"Muu\">Muu<\/option><\/select><\/span><\/div>\n<div class=\"col-12 col-md-6\"><label>Koduleht<\/label><span class=\"wpcf7-form-control-wrap\" data-name=\"contact-url\"><input size=\"40\" class=\"wpcf7-form-control wpcf7-text\" autocomplete=\"off\" aria-invalid=\"false\" placeholder=\"Sisesta kodulehe aadress\" value=\"\" type=\"text\" name=\"contact-url\" \/><\/span><\/div>\n<div class=\"col-12\"><label>S\u00f5num<\/label><span class=\"wpcf7-form-control-wrap\" data-name=\"contact-remark\"><textarea cols=\"40\" rows=\"10\" class=\"wpcf7-form-control wpcf7-textarea\" aria-invalid=\"false\" placeholder=\"Kirjuta oma k\u00fcsimused ja soovid vabas vormis\" name=\"contact-remark\"><\/textarea><\/span><\/div>\n<div class=\"col-12 text-center\"><input class=\"wpcf7-form-control wpcf7-submit has-spinner\" type=\"submit\" value=\"Saada\" \/><\/div>\n<\/div>\n<span class=\"wpcf7-form-control-wrap form-page-title\" data-name=\"form-page-title\"><input type=\"hidden\" name=\"form-page-title\" id=\"\" class=\"wpcf7-form-control wpcf7-hidden wpcf7dtx wpcf7dtx-hidden\" aria-invalid=\"false\" value=\"Ladustamine\" \/><\/span>\n<span class=\"wpcf7-form-control-wrap form-page-url\" data-name=\"form-page-url\"><input type=\"hidden\" name=\"form-page-url\" id=\"\" class=\"wpcf7-form-control wpcf7-hidden wpcf7dtx wpcf7dtx-hidden\" aria-invalid=\"false\" value=\"https:\/\/estma.com\/et\/wp-json\/wp\/v2\/pages\/629\" \/><\/span><div class=\"wpcf7-response-output\" aria-hidden=\"true\"><\/div>\n<\/form>\n<\/div>\n<\/div>\n\n<\/div><\/div><\/div>\n<\/div><\/div>","protected":false},"excerpt":{"rendered":"","protected":false},"author":1,"featured_media":0,"parent":655,"menu_order":26,"comment_status":"closed","ping_status":"closed","template":"","meta":{"inline_featured_image":false,"footnotes":""},"class_list":["post-629","page","type-page","status-publish","hentry"],"acf":[],"_links":{"self":[{"href":"https:\/\/estma.com\/et\/wp-json\/wp\/v2\/pages\/629","targetHints":{"allow":["GET"]}}],"collection":[{"href":"https:\/\/estma.com\/et\/wp-json\/wp\/v2\/pages"}],"about":[{"href":"https:\/\/estma.com\/et\/wp-json\/wp\/v2\/types\/page"}],"author":[{"embeddable":true,"href":"https:\/\/estma.com\/et\/wp-json\/wp\/v2\/users\/1"}],"replies":[{"embeddable":true,"href":"https:\/\/estma.com\/et\/wp-json\/wp\/v2\/comments?post=629"}],"version-history":[{"count":6,"href":"https:\/\/estma.com\/et\/wp-json\/wp\/v2\/pages\/629\/revisions"}],"predecessor-version":[{"id":1589,"href":"https:\/\/estma.com\/et\/wp-json\/wp\/v2\/pages\/629\/revisions\/1589"}],"up":[{"embeddable":true,"href":"https:\/\/estma.com\/et\/wp-json\/wp\/v2\/pages\/655"}],"wp:attachment":[{"href":"https:\/\/estma.com\/et\/wp-json\/wp\/v2\/media?parent=629"}],"curies":[{"name":"wp","href":"https:\/\/api.w.org\/{rel}","templated":true}]}}