{"id":635,"date":"2023-08-12T16:52:26","date_gmt":"2023-08-12T16:52:26","guid":{"rendered":"https:\/\/estma.com\/ship-agency\/"},"modified":"2025-03-27T09:18:43","modified_gmt":"2025-03-27T09:18:43","slug":"laevade-agenteerimine","status":"publish","type":"page","link":"https:\/\/estma.com\/et\/teenused\/laevade-agenteerimine\/","title":{"rendered":"Laevade agenteerimine"},"content":{"rendered":"<div class=\"ama-block block-narrow-container no-top-margin no-paddings\"><div class=\"row row-grid\"><div class=\"col-12 offset-xl-2\">\n\n<p class=\"wp-el\">Laevaagendina alustanud ESTMA-l on ulatuslik t\u00f6\u00f6kogemus, millele toetudes teenindatakse \u00f6\u00f6p\u00e4ev l\u00e4bi<strong> tankeri-, kuivlasti-, konteineri-, reisi- ja merev\u00e4esektorit<\/strong>. Teise osa ESTMA laevandusagentuuri tegevusest moodustab liinilaevade teenus. Reisijatevedu pakutakse nii liini- kui ka kruiisilaevadega.<\/p>\n\n\n\n<p class=\"wp-el\">T\u00e4nu oma <strong>valdkonnale p\u00fchendumisele<\/strong> on meil tihedad koost\u00f6\u00f6sidemed terminalioperaatoritega, sadamavalitsustega ning teiste sadamateenuseosutajatega k\u00f5ikides piirkondades. See aitab t\u00e4ita meie eesm\u00e4rki \u2013 tagada kiire laadimine minimaalse viivituse ja maksumusega <strong>nii kai juures kui ka maanteel<\/strong>.<\/p>\n\n\n\n<ul class=\"custom-list-style wp-block-list wp-el\">\n<li>Teabe kohene edastamine kliendile<\/li>\n\n\n\n<li>K\u00f5igi laevateenuste koordineerimine ja pidev j\u00e4relevalve<\/li>\n<\/ul>\n\n\n\n<h2 class=\"wp-block-heading has-primary-color has-text-color wp-el\">Regioon (Balti riigid)<\/h2>\n\n\n\n<ul class=\"custom-list-style wp-block-list wp-el\">\n<li>Eesti: Tallinn (peakontor), Muuga, Paldiski, Kunda, P\u00e4rnu<\/li>\n\n\n\n<li>L\u00e4ti: Ventspils, Riia<\/li>\n\n\n\n<li>Leedu: Klaip\u0117da, B\u016bting\u0117<\/li>\n<\/ul>\n\n\n\n<h2 class=\"wp-block-heading has-primary-color has-text-color wp-el\">\u00dclemaailmsed laevade hoolduse ja remondi teenused partnerite abiga, et hoida asjad kindlalt ESTMA kontrolli all<\/h2>\n\n\n\n<ul class=\"custom-list-style wp-block-list wp-el\">\n<li>Kaikoha reserveerimine<\/li>\n\n\n\n<li>Tollivormistus aluste saabumisel ja lahkumisel ning teel<\/li>\n\n\n\n<li>Veodokumentide v\u00e4ljastamine<\/li>\n\n\n\n<li>Lootsi tellimine<\/li>\n\n\n\n<li>Pukseerimisest teatamine<\/li>\n\n\n\n<li>Tollivormistus aluste saabumisel ja lahkumisel ning teel<\/li>\n\n\n\n<li>Immigratsiooni- ja tollikontrolli organiseerimine<\/li>\n\n\n\n<li>Laevade punkerdamine<\/li>\n\n\n\n<li>Meeskonna ja reisijate transfeer sadamates ja teel ning nende majutamine<\/li>\n\n\n\n<li>Laevavaruosade hankimine ja tarnimine<\/li>\n\n\n\n<li>Laeva toiduvarude tellimine ja koordineerimine<\/li>\n\n\n\n<li>Lastimise ja lossimise korraldamine ja j\u00e4relevalve<\/li>\n\n\n\n<li>Pardateenuste ettevalmistamine<\/li>\n\n\n\n<li>Sadamat\u00f6\u00f6liste\/stividori teenuste korraldamine laeva kauplustele<\/li>\n\n\n\n<li>J\u00e4\u00e4tmete ja reovee k\u00e4itlemise korraldamine<\/li>\n\n\n\n<li>Edasi-tagasi bussiliikluse organiseerimine<\/li>\n\n\n\n<li>Sularaha kaptenile<\/li>\n\n\n\n<li>Meditsiiniline abi (sh diagnostilised testid)<\/li>\n\n\n\n<li>\u00dclevaatus<\/li>\n<\/ul>\n\n\n\n<p class=\"wp-el\">\u2022 Meie pidev eesm\u00e4rk on aidata kliente l\u00e4bir\u00e4\u00e4kimistel sadamavalitsuste, stividoride, hulgim\u00fc\u00fcgifirmade ning teiste sadamateenuseosutajatega, et saavutada konkurentsiv\u00f5imelised hinnad ning nutikamad lahendused alates kohalikust veatuvastusest kuni logistika terviklahendusteni.<\/p>\n\n\n\n<p class=\"has-primary-color has-text-color wp-el\"><strong>Meie visioon on j\u00e4\u00e4da \u00fcheks juhtivaks sadamaagendi teenuste osutajaks.<\/strong><\/p>\n\n<\/div><\/div><\/div>\n\n<div id=\"inquiry\" class=\"ama-block block-bgcolor has-third-background-color alignmax\"><div class=\"acf-innerblocks-container\">\n<div class=\"ama-block block-narrow-container no-top-margin no-paddings\"><div class=\"row row-grid\"><div class=\"col-12 offset-xl-2\">\n\n<h2 class=\"wp-block-heading wp-el\">Saada p\u00e4ring<\/h2>\n\n\n\n<div class=\"wp-block-contact-form-7-contact-form-selector\">\n<div class=\"wpcf7 no-js\" id=\"wpcf7-f710-o1\" lang=\"et\" dir=\"ltr\">\n<div class=\"screen-reader-response\"><p role=\"status\" aria-live=\"polite\" aria-atomic=\"true\"><\/p> <ul><\/ul><\/div>\n<form action=\"\/et\/wp-json\/wp\/v2\/pages\/635#wpcf7-f710-o1\" method=\"post\" class=\"wpcf7-form init\" aria-label=\"Contact form\" novalidate=\"novalidate\" data-status=\"init\">\n<div style=\"display: none;\">\n<input type=\"hidden\" name=\"_wpcf7\" value=\"710\" \/>\n<input type=\"hidden\" name=\"_wpcf7_version\" value=\"5.9.5\" \/>\n<input type=\"hidden\" name=\"_wpcf7_locale\" value=\"et\" \/>\n<input type=\"hidden\" name=\"_wpcf7_unit_tag\" value=\"wpcf7-f710-o1\" \/>\n<input type=\"hidden\" name=\"_wpcf7_container_post\" value=\"0\" \/>\n<input type=\"hidden\" name=\"_wpcf7_posted_data_hash\" value=\"\" \/>\n<\/div>\n<div class=\"row row-grid\">\n<div class=\"col-12 col-md-6\"><label>Nimi *<\/label><span class=\"wpcf7-form-control-wrap\" data-name=\"contact-name\"><input size=\"40\" class=\"wpcf7-form-control wpcf7-text wpcf7-validates-as-required\" autocomplete=\"off\" aria-required=\"true\" aria-invalid=\"false\" placeholder=\"Sisesta oma nimi\" value=\"\" type=\"text\" name=\"contact-name\" \/><\/span><\/div>\n<div class=\"col-12 col-md-6\"><label>Ettev\u00f5te *<\/label><span class=\"wpcf7-form-control-wrap\" data-name=\"contact-company\"><input size=\"40\" class=\"wpcf7-form-control wpcf7-text wpcf7-validates-as-required\" autocomplete=\"off\" aria-required=\"true\" aria-invalid=\"false\" placeholder=\"Sisesta ettev\u00f5tte nimi\" value=\"\" type=\"text\" name=\"contact-company\" \/><\/span><\/div>\n<div class=\"col-12 col-md-6\"><label>Telefon *<\/label><span class=\"wpcf7-form-control-wrap\" data-name=\"contact-phone\"><input size=\"40\" class=\"wpcf7-form-control wpcf7-text wpcf7-validates-as-required\" autocomplete=\"off\" aria-required=\"true\" aria-invalid=\"false\" placeholder=\"Sisesta telefoninumber\" value=\"\" type=\"text\" name=\"contact-phone\" \/><\/span><\/div>\n<div class=\"col-12 col-md-6\"><label>E-post *<\/label><span class=\"wpcf7-form-control-wrap\" data-name=\"contact-email\"><input size=\"40\" class=\"wpcf7-form-control wpcf7-email wpcf7-validates-as-required wpcf7-text wpcf7-validates-as-email\" autocomplete=\"off\" aria-required=\"true\" aria-invalid=\"false\" placeholder=\"Sisesta e-posti aadress\" value=\"\" type=\"email\" name=\"contact-email\" \/><\/span><\/div>\n<div class=\"col-12 col-md-6\"><label>Regioon<\/label><span class=\"wpcf7-form-control-wrap\" data-name=\"contact-region\"><select class=\"wpcf7-form-control wpcf7-select\" aria-invalid=\"false\" name=\"contact-region\"><option value=\"Eesti\">Eesti<\/option><option value=\"L\u00e4ti\">L\u00e4ti<\/option><option value=\"Leedu\">Leedu<\/option><option value=\"Venemaa\">Venemaa<\/option><option value=\"Kasahstan\">Kasahstan<\/option><option value=\"Suubritannia\">Suubritannia<\/option><option value=\"Muu\">Muu<\/option><\/select><\/span><\/div>\n<div class=\"col-12 col-md-6\"><label>Koduleht<\/label><span class=\"wpcf7-form-control-wrap\" data-name=\"contact-url\"><input size=\"40\" class=\"wpcf7-form-control wpcf7-text\" autocomplete=\"off\" aria-invalid=\"false\" placeholder=\"Sisesta kodulehe aadress\" value=\"\" type=\"text\" name=\"contact-url\" \/><\/span><\/div>\n<div class=\"col-12\"><label>S\u00f5num<\/label><span class=\"wpcf7-form-control-wrap\" data-name=\"contact-remark\"><textarea cols=\"40\" rows=\"10\" class=\"wpcf7-form-control wpcf7-textarea\" aria-invalid=\"false\" placeholder=\"Kirjuta oma k\u00fcsimused ja soovid vabas vormis\" name=\"contact-remark\"><\/textarea><\/span><\/div>\n<div class=\"col-12 text-center\"><input class=\"wpcf7-form-control wpcf7-submit has-spinner\" type=\"submit\" value=\"Saada\" \/><\/div>\n<\/div>\n<span class=\"wpcf7-form-control-wrap form-page-title\" data-name=\"form-page-title\"><input type=\"hidden\" name=\"form-page-title\" id=\"\" class=\"wpcf7-form-control wpcf7-hidden wpcf7dtx wpcf7dtx-hidden\" aria-invalid=\"false\" value=\"Laevade agenteerimine\" \/><\/span>\n<span class=\"wpcf7-form-control-wrap form-page-url\" data-name=\"form-page-url\"><input type=\"hidden\" name=\"form-page-url\" id=\"\" class=\"wpcf7-form-control wpcf7-hidden wpcf7dtx wpcf7dtx-hidden\" aria-invalid=\"false\" value=\"https:\/\/estma.com\/et\/wp-json\/wp\/v2\/pages\/635\" \/><\/span><div class=\"wpcf7-response-output\" aria-hidden=\"true\"><\/div>\n<\/form>\n<\/div>\n<\/div>\n\n<\/div><\/div><\/div>\n<\/div><\/div>","protected":false},"excerpt":{"rendered":"","protected":false},"author":1,"featured_media":0,"parent":655,"menu_order":9,"comment_status":"closed","ping_status":"closed","template":"","meta":{"inline_featured_image":false,"footnotes":""},"class_list":["post-635","page","type-page","status-publish","hentry"],"acf":[],"_links":{"self":[{"href":"https:\/\/estma.com\/et\/wp-json\/wp\/v2\/pages\/635","targetHints":{"allow":["GET"]}}],"collection":[{"href":"https:\/\/estma.com\/et\/wp-json\/wp\/v2\/pages"}],"about":[{"href":"https:\/\/estma.com\/et\/wp-json\/wp\/v2\/types\/page"}],"author":[{"embeddable":true,"href":"https:\/\/estma.com\/et\/wp-json\/wp\/v2\/users\/1"}],"replies":[{"embeddable":true,"href":"https:\/\/estma.com\/et\/wp-json\/wp\/v2\/comments?post=635"}],"version-history":[{"count":9,"href":"https:\/\/estma.com\/et\/wp-json\/wp\/v2\/pages\/635\/revisions"}],"predecessor-version":[{"id":1847,"href":"https:\/\/estma.com\/et\/wp-json\/wp\/v2\/pages\/635\/revisions\/1847"}],"up":[{"embeddable":true,"href":"https:\/\/estma.com\/et\/wp-json\/wp\/v2\/pages\/655"}],"wp:attachment":[{"href":"https:\/\/estma.com\/et\/wp-json\/wp\/v2\/media?parent=635"}],"curies":[{"name":"wp","href":"https:\/\/api.w.org\/{rel}","templated":true}]}}