{"id":641,"date":"2023-08-12T16:52:26","date_gmt":"2023-08-12T16:52:26","guid":{"rendered":"https:\/\/estma.com\/project-cargo\/"},"modified":"2025-03-27T08:57:31","modified_gmt":"2025-03-27T08:57:31","slug":"konsolideeritud-ja-projektkaubavedu","status":"publish","type":"page","link":"https:\/\/estma.com\/et\/teenused\/konsolideeritud-ja-projektkaubavedu\/","title":{"rendered":"Konsolideeritud ja projektkaubavedu"},"content":{"rendered":"<div class=\"ama-block block-narrow-container no-top-margin no-paddings\"><div class=\"row row-grid\"><div class=\"col-12 offset-xl-2\">\n\n<p class=\"wp-el\">Projektsaadetis on \u00fclem\u00f5\u00f5duline, tavaliselt v\u00e4ga v\u00e4\u00e4rtuslik ja konteinerist suurem (OOG), vajades teisaldamiseks eriseadmeid, nagu kraanad, veokid v\u00f5i muud t\u00f6\u00f6riistad, ning sageli tuleb j\u00e4rgida ka marsruudivaliku, lasti kinnitamise ja dokumenteerimise puhul erin\u00f5udeid. Seda t\u00fc\u00fcpi saadetist transporditakse spetsiaalsete laevade, vagunite, veokite v\u00f5i lennukitega.<\/p>\n\n\n\n<p class=\"wp-el\">Erinevalt tava- v\u00f5i \u00fcldsaadetisest, mis mahub kaubaalustele, laevakonteineritesse v\u00f5i \u00f5hus\u00f5iduki standardsetele kaubaalustele v\u00f5i -konteineritesse, mille puhul on maksimaalsed lubatud kaal ja m\u00f5\u00f5tmed \u00fchesugused, n\u00f5uab projektsaadetise transportimine ja tarnimine omamoodi loovust ja tehnilisi teadmisi.&nbsp;<\/p>\n\n\n\n<p class=\"wp-el\">Nagu nimigi \u00fctleb, on projektsaadetiseks tavaliselt v\u00e4ga suure objekti v\u00f5i projekti osad. Sellise saadetise transportimine v\u00f5ib olla veose iseloomu, aja- v\u00f5i temperatuuritundlikkuse, kaalu, m\u00f5\u00f5tmete, kuju jne t\u00f5ttu keeruline.<\/p>\n\n\n\n<p class=\"wp-el\">Projektsaadetise transport n\u00f5uab ka p\u00f5hjalikku ohutuse hindamist, t\u00e4helepanu \u00fcksikasjadele ja s\u00fcsteemset kava, milles on arvesse v\u00f5etud erinevaid logistilisi probleemkohti, nagu tee, ilma, k\u00e4ttesaadavuse ja transporditingimused.&nbsp;<\/p>\n\n\n\n<p class=\"wp-el\">Projektsaadetisi on vaja paljudel eri otstarvetel. N\u00e4iteks kui on vaja moderniseerida mingeid objekte, hooneid v\u00f5i rajatisi. Samuti l\u00e4heb seda vaja eri majandusharudes. ESTMA on teinud k\u00f5ike:<\/p>\n\n\n\n<ul class=\"wp-block-list custom-list-style wp-el\">\n<li><strong>Tootmine<\/strong> \u2013 sisseseade osad, rasked masinad ja tootmisseadmed;<\/li>\n\n\n\n<li><strong>Lennundus<\/strong> \u2013 mootorid, tiivad, kered ja isegi terved helikopterid;<\/li>\n\n\n\n<li><strong>Laevandus<\/strong> \u2013 laevavarustus, sh laevamootorid, s\u00f5ukruvid, v\u00f5llid ja mitmesugused muud komponendid;<\/li>\n<\/ul>\n\n\n\n<p class=\"wp-el\">Projektsaadetise transportimiseks on mitmeid viise. K\u00f5ige levinumad transpordiliigid on lennu-, mere-, raudtee- ja maanteetransport. Enamik projektsaadetisi veetakse \u00fchendvedudega, kusjuures esimene ja viimane etapp toimub maanteel ning p\u00f5hivedu \u00f5hus, merel v\u00f5i raudteel.<\/p>\n\n<\/div><\/div><\/div>\n\n<div class=\"ama-block block-bgcolor has-third-background-color alignmax\"><div class=\"acf-innerblocks-container\">\n<div class=\"ama-block block-narrow-container no-top-margin no-paddings\"><div class=\"row row-grid\"><div class=\"col-12 offset-xl-2\">\n\n<h2 class=\"wp-block-heading wp-el\">Saada p\u00e4ring<\/h2>\n\n\n\n<div class=\"wp-block-contact-form-7-contact-form-selector\">\n<div class=\"wpcf7 no-js\" id=\"wpcf7-f710-o1\" lang=\"et\" dir=\"ltr\">\n<div class=\"screen-reader-response\"><p role=\"status\" aria-live=\"polite\" aria-atomic=\"true\"><\/p> <ul><\/ul><\/div>\n<form action=\"\/et\/wp-json\/wp\/v2\/pages\/641#wpcf7-f710-o1\" method=\"post\" class=\"wpcf7-form init\" aria-label=\"Contact form\" novalidate=\"novalidate\" data-status=\"init\">\n<div style=\"display: none;\">\n<input type=\"hidden\" name=\"_wpcf7\" value=\"710\" \/>\n<input type=\"hidden\" name=\"_wpcf7_version\" value=\"5.9.5\" \/>\n<input type=\"hidden\" name=\"_wpcf7_locale\" value=\"et\" \/>\n<input type=\"hidden\" name=\"_wpcf7_unit_tag\" value=\"wpcf7-f710-o1\" \/>\n<input type=\"hidden\" name=\"_wpcf7_container_post\" value=\"0\" \/>\n<input type=\"hidden\" name=\"_wpcf7_posted_data_hash\" value=\"\" \/>\n<\/div>\n<div class=\"row row-grid\">\n<div class=\"col-12 col-md-6\"><label>Nimi *<\/label><span class=\"wpcf7-form-control-wrap\" data-name=\"contact-name\"><input size=\"40\" class=\"wpcf7-form-control wpcf7-text wpcf7-validates-as-required\" autocomplete=\"off\" aria-required=\"true\" aria-invalid=\"false\" placeholder=\"Sisesta oma nimi\" value=\"\" type=\"text\" name=\"contact-name\" \/><\/span><\/div>\n<div class=\"col-12 col-md-6\"><label>Ettev\u00f5te *<\/label><span class=\"wpcf7-form-control-wrap\" data-name=\"contact-company\"><input size=\"40\" class=\"wpcf7-form-control wpcf7-text wpcf7-validates-as-required\" autocomplete=\"off\" aria-required=\"true\" aria-invalid=\"false\" placeholder=\"Sisesta ettev\u00f5tte nimi\" value=\"\" type=\"text\" name=\"contact-company\" \/><\/span><\/div>\n<div class=\"col-12 col-md-6\"><label>Telefon *<\/label><span class=\"wpcf7-form-control-wrap\" data-name=\"contact-phone\"><input size=\"40\" class=\"wpcf7-form-control wpcf7-text wpcf7-validates-as-required\" autocomplete=\"off\" aria-required=\"true\" aria-invalid=\"false\" placeholder=\"Sisesta telefoninumber\" value=\"\" type=\"text\" name=\"contact-phone\" \/><\/span><\/div>\n<div class=\"col-12 col-md-6\"><label>E-post *<\/label><span class=\"wpcf7-form-control-wrap\" data-name=\"contact-email\"><input size=\"40\" class=\"wpcf7-form-control wpcf7-email wpcf7-validates-as-required wpcf7-text wpcf7-validates-as-email\" autocomplete=\"off\" aria-required=\"true\" aria-invalid=\"false\" placeholder=\"Sisesta e-posti aadress\" value=\"\" type=\"email\" name=\"contact-email\" \/><\/span><\/div>\n<div class=\"col-12 col-md-6\"><label>Regioon<\/label><span class=\"wpcf7-form-control-wrap\" data-name=\"contact-region\"><select class=\"wpcf7-form-control wpcf7-select\" aria-invalid=\"false\" name=\"contact-region\"><option value=\"Eesti\">Eesti<\/option><option value=\"L\u00e4ti\">L\u00e4ti<\/option><option value=\"Leedu\">Leedu<\/option><option value=\"Venemaa\">Venemaa<\/option><option value=\"Kasahstan\">Kasahstan<\/option><option value=\"Suubritannia\">Suubritannia<\/option><option value=\"Muu\">Muu<\/option><\/select><\/span><\/div>\n<div class=\"col-12 col-md-6\"><label>Koduleht<\/label><span class=\"wpcf7-form-control-wrap\" data-name=\"contact-url\"><input size=\"40\" class=\"wpcf7-form-control wpcf7-text\" autocomplete=\"off\" aria-invalid=\"false\" placeholder=\"Sisesta kodulehe aadress\" value=\"\" type=\"text\" name=\"contact-url\" \/><\/span><\/div>\n<div class=\"col-12\"><label>S\u00f5num<\/label><span class=\"wpcf7-form-control-wrap\" data-name=\"contact-remark\"><textarea cols=\"40\" rows=\"10\" class=\"wpcf7-form-control wpcf7-textarea\" aria-invalid=\"false\" placeholder=\"Kirjuta oma k\u00fcsimused ja soovid vabas vormis\" name=\"contact-remark\"><\/textarea><\/span><\/div>\n<div class=\"col-12 text-center\"><input class=\"wpcf7-form-control wpcf7-submit has-spinner\" type=\"submit\" value=\"Saada\" \/><\/div>\n<\/div>\n<span class=\"wpcf7-form-control-wrap form-page-title\" data-name=\"form-page-title\"><input type=\"hidden\" name=\"form-page-title\" id=\"\" class=\"wpcf7-form-control wpcf7-hidden wpcf7dtx wpcf7dtx-hidden\" aria-invalid=\"false\" value=\"Konsolideeritud ja projektkaubavedu\" \/><\/span>\n<span class=\"wpcf7-form-control-wrap form-page-url\" data-name=\"form-page-url\"><input type=\"hidden\" name=\"form-page-url\" id=\"\" class=\"wpcf7-form-control wpcf7-hidden wpcf7dtx wpcf7dtx-hidden\" aria-invalid=\"false\" value=\"https:\/\/estma.com\/et\/wp-json\/wp\/v2\/pages\/641\" \/><\/span><div class=\"wpcf7-response-output\" aria-hidden=\"true\"><\/div>\n<\/form>\n<\/div>\n<\/div>\n\n<\/div><\/div><\/div>\n<\/div><\/div>","protected":false},"excerpt":{"rendered":"","protected":false},"author":1,"featured_media":0,"parent":655,"menu_order":21,"comment_status":"closed","ping_status":"closed","template":"","meta":{"inline_featured_image":false,"footnotes":""},"class_list":["post-641","page","type-page","status-publish","hentry"],"acf":[],"_links":{"self":[{"href":"https:\/\/estma.com\/et\/wp-json\/wp\/v2\/pages\/641","targetHints":{"allow":["GET"]}}],"collection":[{"href":"https:\/\/estma.com\/et\/wp-json\/wp\/v2\/pages"}],"about":[{"href":"https:\/\/estma.com\/et\/wp-json\/wp\/v2\/types\/page"}],"author":[{"embeddable":true,"href":"https:\/\/estma.com\/et\/wp-json\/wp\/v2\/users\/1"}],"replies":[{"embeddable":true,"href":"https:\/\/estma.com\/et\/wp-json\/wp\/v2\/comments?post=641"}],"version-history":[{"count":11,"href":"https:\/\/estma.com\/et\/wp-json\/wp\/v2\/pages\/641\/revisions"}],"predecessor-version":[{"id":1838,"href":"https:\/\/estma.com\/et\/wp-json\/wp\/v2\/pages\/641\/revisions\/1838"}],"up":[{"embeddable":true,"href":"https:\/\/estma.com\/et\/wp-json\/wp\/v2\/pages\/655"}],"wp:attachment":[{"href":"https:\/\/estma.com\/et\/wp-json\/wp\/v2\/media?parent=641"}],"curies":[{"name":"wp","href":"https:\/\/api.w.org\/{rel}","templated":true}]}}