{"id":644,"date":"2023-08-12T16:52:26","date_gmt":"2023-08-12T16:52:26","guid":{"rendered":"https:\/\/estma.com\/shorex\/"},"modified":"2024-05-29T10:06:54","modified_gmt":"2024-05-29T10:06:54","slug":"ekskursiooniteenused","status":"publish","type":"page","link":"https:\/\/estma.com\/et\/teenused\/ekskursiooniteenused\/","title":{"rendered":"Ekskursiooniteenused"},"content":{"rendered":"<div class=\"ama-block block-narrow-container no-top-margin no-paddings\"><div class=\"row row-grid\"><div class=\"col-12 offset-xl-2\">\n\n<p class=\"wp-el\">ESTMA korraldab 2000.&nbsp;aastast alates ekskursioone. Teenuste \u00fchendatus tagab k\u00f5ige paindlikuma korralduse. T\u00e4nu teabe oskuslikule koordineerimisele k\u00f5igis teenindusetappides suudame t\u00e4ita klientide iga soovi, tagades maksimaalse mugavuse ja ohutuse.<\/p>\n\n\n\n<p class=\"wp-el\">ESTMA EKSKURSIOONIDE OSAKOND KORRALDAB KRUIISITURISTIDELE PALJU MITMESUGUSEID EKSKURSIOONE JA LISATEGEVUSI.<\/p>\n\n\n\n<p class=\"wp-el\">Tallinn pakub avastusr\u00f5\u00f5mu k\u00f5ige erinevamate huvidega inimestele \u2013 nii kunstiarmastajatele kui ka neile, kes soovivad tutvuda linna \u00f6\u00f6eluga, samuti gurmaanidele, ostuhuvilistele, looduses\u00f5pradele ja teistele.<\/p>\n\n\n\n<p class=\"wp-el\">Tallinna vanalinna unikaalsus peitub eelk\u00f5ige h\u00e4sti s\u00e4ilinud keskaegsetes ehitistes, mis on enamikus P\u00f5hja-Euroopa pealinnades h\u00e4vinenud. Tallinna vanalinn kuulub 1997.&nbsp;aastast UNESCO maailmap\u00e4randi nimekirja. Kruiisilaevadega saabujatele kahekordse turvalisuse tagamiseks on ESTMA s\u00f5lminud <strong>vastutuskindlustuslepingu<\/strong>.<\/p>\n\n\n\n<div class=\"wp-block-columns is-layout-flex wp-container-core-columns-is-layout-28f84493 wp-block-columns-is-layout-flex\">\n<div class=\"wp-block-column is-layout-flow wp-block-column-is-layout-flow\" style=\"flex-basis:100%\">\n<figure class=\"wp-block-image size-large history-image no-grayscale-img\"><img loading=\"lazy\" decoding=\"async\" width=\"1380\" height=\"363\" src=\"https:\/\/estma.com\/wp-content\/uploads\/2024\/05\/Shorex2-1380x363.png\" alt=\"\" class=\"wp-image-1639\"\/><\/figure>\n<\/div>\n<\/div>\n\n\n<div class=\"ama-block block-narrow-slider\"><div class=\"splide\" data-splide={\"type\":\"fade\"}><div class=\"splide__track\"><ul class=\"splide__list\"><li class=\"splide__slide\"><a href=\"https:\/\/estma.com\/wp-content\/uploads\/2023\/09\/estma-shorex-content-01.jpg\" data-fancybox=\"narrow-slide-block_6656fe3dc1fc2\" class=\"has-overlay-hover\"><img loading=\"lazy\" decoding=\"async\" width=\"880\" height=\"440\" src=\"https:\/\/estma.com\/wp-content\/uploads\/2023\/09\/estma-shorex-content-01-880x440.jpg\" class=\"attachment-hero-md size-hero-md\" alt=\"\" srcset=\"https:\/\/estma.com\/wp-content\/uploads\/2023\/09\/estma-shorex-content-01-880x440.jpg 880w, https:\/\/estma.com\/wp-content\/uploads\/2023\/09\/estma-shorex-content-01.jpg 1180w\" sizes=\"auto, (max-width: 880px) 100vw, 880px\" \/><\/a><\/li><li class=\"splide__slide\"><a href=\"https:\/\/estma.com\/wp-content\/uploads\/2023\/09\/estma-shorex-content-02.jpg\" data-fancybox=\"narrow-slide-block_6656fe3dc1fc2\" class=\"has-overlay-hover\"><img loading=\"lazy\" decoding=\"async\" width=\"880\" height=\"440\" src=\"https:\/\/estma.com\/wp-content\/uploads\/2023\/09\/estma-shorex-content-02-880x440.jpg\" class=\"attachment-hero-md size-hero-md\" alt=\"\" srcset=\"https:\/\/estma.com\/wp-content\/uploads\/2023\/09\/estma-shorex-content-02-880x440.jpg 880w, https:\/\/estma.com\/wp-content\/uploads\/2023\/09\/estma-shorex-content-02.jpg 1180w\" sizes=\"auto, (max-width: 880px) 100vw, 880px\" \/><\/a><\/li><\/ul><\/div><div class=\"splide__arrows\"><button class=\"splide__arrow splide__arrow--prev\"><svg xmlns=\"http:\/\/www.w3.org\/2000\/svg\" width=\"32\" height=\"24\" viewBox=\"0 0 32 24\"><path d=\"M-2449.493-3413.5a1.607,1.607,0,0,0,0-2.424l-8.08-7.359h23.69A1.807,1.807,0,0,0-2432-3425a1.806,1.806,0,0,0-1.883-1.714h-23.688l8.078-7.357a1.608,1.608,0,0,0,0-2.424,2.014,2.014,0,0,0-2.662,0l-11.293,10.284a1.609,1.609,0,0,0,0,2.426l11.293,10.284a1.98,1.98,0,0,0,1.332.5A1.978,1.978,0,0,0-2449.493-3413.5Z\" transform=\"translate(2464 3437.001)\" fill=\"currentColor\"\/><\/svg><\/button><button class=\"splide__arrow splide__arrow--next\"><svg xmlns=\"http:\/\/www.w3.org\/2000\/svg\" width=\"32\" height=\"24\" viewBox=\"0 0 32 24\"><path d=\"M-2446.508-3413.5a1.607,1.607,0,0,1,0-2.424l8.08-7.358h-23.69A1.807,1.807,0,0,1-2464-3425a1.806,1.806,0,0,1,1.883-1.714h23.688l-8.078-7.357a1.607,1.607,0,0,1,0-2.424,2.014,2.014,0,0,1,2.662,0l11.293,10.284a1.609,1.609,0,0,1,0,2.426l-11.293,10.284a1.98,1.98,0,0,1-1.332.5A1.978,1.978,0,0,1-2446.508-3413.5Z\" transform=\"translate(2464.001 3437.001)\" fill=\"currentColor\"\/><\/svg><\/button><\/div><\/div><\/div>\n\n\n<h2 class=\"wp-block-heading has-primary-color has-text-color wp-el\">ESTMA pakub j\u00e4rgmisi ekskursioone ja maismaateenuseid:<\/h2>\n\n\n\n<ol class=\"custom-list-style wp-block-list wp-el\">\n<li>maaekskursioonid kruiisilaevadega saabujatele<br>v\u00f5imalik valida erineva pikkusega bussireise (1,5\u20134,5&nbsp;h), mida juhib giid<\/li>\n\n\n\n<li>eraviisilised ekskursioonid<br>peredele, v\u00e4iksematele r\u00fchmadele, \u00fcksikisikutest turistidele<\/li>\n\n\n\n<li>sportimisv\u00f5imalused<br>tennis ja pallim\u00e4ngud, jalgrattas\u00f5it, matkamine, ratsutamine, kardis\u00f5it, kanuumatkad, ujulad, <em>paintball<\/em>, Megazone jne<\/li>\n\n\n\n<li>vabaajategevused<br>rahvusrestoranide, kontsertide, rahvuslike etenduste, \u00f6\u00f6klubide ja pubide k\u00fclastamine<\/li>\n\n\n\n<li>loodusturism<br>metsad, j\u00f5ed ja j\u00e4rved, rabad, maastikukaitsealad, botaanikaaiad ja loodusmuuseumid<\/li>\n\n\n\n<li>ajaloolised ekskursioonid<br>vanad m\u00f5isahooned, kirikud, kloostrid, linnam\u00fc\u00fcr ja kaitseehitised, okupatsioonimuuseum, etnograafiamuuseum, muusika-, kunsti-, arhitektuuri- jt ajaloomuuseumid<\/li>\n\n\n\n<li>ostureisid<br>k\u00e4sit\u00f6\u00f6, suveniirid, klaas, jalan\u00f5ud, merevaik, nahk, keraamika, maalid, k\u00fcbarad, ehted jne<\/li>\n\n\n\n<li>giidid, kes on spetsialiseerunud<br>Eesti zooloogiale, floorale ja faunale, arhitektuurile, muusikale, majandusele, meditsiinile, folkloorile jne<\/li>\n\n\n\n<li>pakume ekskursioone paljudes maailma keeltes:<br>inglise, saksa, hispaania, prantsuse, itaalia, vene, rootsi, soome, norra jne<\/li>\n\n\n\n<li>korraldame arstiabi, kiirtellimusi v\u00f5i reisikavasse planeerimata tehtavaid muudatusi \u2013 k\u00f5ik see kuulub meie reisiagentuuri igap\u00e4evategevuse hulka<\/li>\n<\/ol>\n\n<\/div><\/div><\/div>\n\n<div class=\"ama-block block-bgcolor has-third-background-color alignmax\"><div class=\"acf-innerblocks-container\">\n<div class=\"ama-block block-narrow-container no-top-margin no-paddings\"><div class=\"row row-grid\"><div class=\"col-12 offset-xl-2\">\n\n<h2 class=\"wp-block-heading wp-el\">Saada p\u00e4ring<\/h2>\n\n\n\n<div class=\"wp-block-contact-form-7-contact-form-selector\">\n<div class=\"wpcf7 no-js\" id=\"wpcf7-f710-o1\" lang=\"et\" dir=\"ltr\">\n<div class=\"screen-reader-response\"><p role=\"status\" aria-live=\"polite\" aria-atomic=\"true\"><\/p> <ul><\/ul><\/div>\n<form action=\"\/et\/wp-json\/wp\/v2\/pages\/644#wpcf7-f710-o1\" method=\"post\" class=\"wpcf7-form init\" aria-label=\"Contact form\" novalidate=\"novalidate\" data-status=\"init\">\n<div style=\"display: none;\">\n<input type=\"hidden\" name=\"_wpcf7\" value=\"710\" \/>\n<input type=\"hidden\" name=\"_wpcf7_version\" value=\"5.9.5\" \/>\n<input type=\"hidden\" name=\"_wpcf7_locale\" value=\"et\" \/>\n<input type=\"hidden\" name=\"_wpcf7_unit_tag\" value=\"wpcf7-f710-o1\" \/>\n<input type=\"hidden\" name=\"_wpcf7_container_post\" value=\"0\" \/>\n<input type=\"hidden\" name=\"_wpcf7_posted_data_hash\" value=\"\" \/>\n<\/div>\n<div class=\"row row-grid\">\n<div class=\"col-12 col-md-6\"><label>Nimi *<\/label><span class=\"wpcf7-form-control-wrap\" data-name=\"contact-name\"><input size=\"40\" class=\"wpcf7-form-control wpcf7-text wpcf7-validates-as-required\" autocomplete=\"off\" aria-required=\"true\" aria-invalid=\"false\" placeholder=\"Sisesta oma nimi\" value=\"\" type=\"text\" name=\"contact-name\" \/><\/span><\/div>\n<div class=\"col-12 col-md-6\"><label>Ettev\u00f5te *<\/label><span class=\"wpcf7-form-control-wrap\" data-name=\"contact-company\"><input size=\"40\" class=\"wpcf7-form-control wpcf7-text wpcf7-validates-as-required\" autocomplete=\"off\" aria-required=\"true\" aria-invalid=\"false\" placeholder=\"Sisesta ettev\u00f5tte nimi\" value=\"\" type=\"text\" name=\"contact-company\" \/><\/span><\/div>\n<div class=\"col-12 col-md-6\"><label>Telefon *<\/label><span class=\"wpcf7-form-control-wrap\" data-name=\"contact-phone\"><input size=\"40\" class=\"wpcf7-form-control wpcf7-text wpcf7-validates-as-required\" autocomplete=\"off\" aria-required=\"true\" aria-invalid=\"false\" placeholder=\"Sisesta telefoninumber\" value=\"\" type=\"text\" name=\"contact-phone\" \/><\/span><\/div>\n<div class=\"col-12 col-md-6\"><label>E-post *<\/label><span class=\"wpcf7-form-control-wrap\" data-name=\"contact-email\"><input size=\"40\" class=\"wpcf7-form-control wpcf7-email wpcf7-validates-as-required wpcf7-text wpcf7-validates-as-email\" autocomplete=\"off\" aria-required=\"true\" aria-invalid=\"false\" placeholder=\"Sisesta e-posti aadress\" value=\"\" type=\"email\" name=\"contact-email\" \/><\/span><\/div>\n<div class=\"col-12 col-md-6\"><label>Regioon<\/label><span class=\"wpcf7-form-control-wrap\" data-name=\"contact-region\"><select class=\"wpcf7-form-control wpcf7-select\" aria-invalid=\"false\" name=\"contact-region\"><option value=\"Eesti\">Eesti<\/option><option value=\"L\u00e4ti\">L\u00e4ti<\/option><option value=\"Leedu\">Leedu<\/option><option value=\"Venemaa\">Venemaa<\/option><option value=\"Kasahstan\">Kasahstan<\/option><option value=\"Suubritannia\">Suubritannia<\/option><option value=\"Muu\">Muu<\/option><\/select><\/span><\/div>\n<div class=\"col-12 col-md-6\"><label>Koduleht<\/label><span class=\"wpcf7-form-control-wrap\" data-name=\"contact-url\"><input size=\"40\" class=\"wpcf7-form-control wpcf7-text\" autocomplete=\"off\" aria-invalid=\"false\" placeholder=\"Sisesta kodulehe aadress\" value=\"\" type=\"text\" name=\"contact-url\" \/><\/span><\/div>\n<div class=\"col-12\"><label>S\u00f5num<\/label><span class=\"wpcf7-form-control-wrap\" data-name=\"contact-remark\"><textarea cols=\"40\" rows=\"10\" class=\"wpcf7-form-control wpcf7-textarea\" aria-invalid=\"false\" placeholder=\"Kirjuta oma k\u00fcsimused ja soovid vabas vormis\" name=\"contact-remark\"><\/textarea><\/span><\/div>\n<div class=\"col-12 text-center\"><input class=\"wpcf7-form-control wpcf7-submit has-spinner\" type=\"submit\" value=\"Saada\" \/><\/div>\n<\/div>\n<span class=\"wpcf7-form-control-wrap form-page-title\" data-name=\"form-page-title\"><input type=\"hidden\" name=\"form-page-title\" id=\"\" class=\"wpcf7-form-control wpcf7-hidden wpcf7dtx wpcf7dtx-hidden\" aria-invalid=\"false\" value=\"Ekskursiooniteenused\" \/><\/span>\n<span class=\"wpcf7-form-control-wrap form-page-url\" data-name=\"form-page-url\"><input type=\"hidden\" name=\"form-page-url\" id=\"\" class=\"wpcf7-form-control wpcf7-hidden wpcf7dtx wpcf7dtx-hidden\" aria-invalid=\"false\" value=\"https:\/\/estma.com\/et\/wp-json\/wp\/v2\/pages\/644\" \/><\/span><div class=\"wpcf7-response-output\" aria-hidden=\"true\"><\/div>\n<\/form>\n<\/div>\n<\/div>\n\n<\/div><\/div><\/div>\n<\/div><\/div>","protected":false},"excerpt":{"rendered":"","protected":false},"author":1,"featured_media":0,"parent":655,"menu_order":30,"comment_status":"closed","ping_status":"closed","template":"","meta":{"inline_featured_image":false,"footnotes":""},"class_list":["post-644","page","type-page","status-publish","hentry"],"acf":[],"_links":{"self":[{"href":"https:\/\/estma.com\/et\/wp-json\/wp\/v2\/pages\/644","targetHints":{"allow":["GET"]}}],"collection":[{"href":"https:\/\/estma.com\/et\/wp-json\/wp\/v2\/pages"}],"about":[{"href":"https:\/\/estma.com\/et\/wp-json\/wp\/v2\/types\/page"}],"author":[{"embeddable":true,"href":"https:\/\/estma.com\/et\/wp-json\/wp\/v2\/users\/1"}],"replies":[{"embeddable":true,"href":"https:\/\/estma.com\/et\/wp-json\/wp\/v2\/comments?post=644"}],"version-history":[{"count":9,"href":"https:\/\/estma.com\/et\/wp-json\/wp\/v2\/pages\/644\/revisions"}],"predecessor-version":[{"id":1643,"href":"https:\/\/estma.com\/et\/wp-json\/wp\/v2\/pages\/644\/revisions\/1643"}],"up":[{"embeddable":true,"href":"https:\/\/estma.com\/et\/wp-json\/wp\/v2\/pages\/655"}],"wp:attachment":[{"href":"https:\/\/estma.com\/et\/wp-json\/wp\/v2\/media?parent=644"}],"curies":[{"name":"wp","href":"https:\/\/api.w.org\/{rel}","templated":true}]}}