{"id":647,"date":"2023-08-12T16:52:26","date_gmt":"2023-08-12T16:52:26","guid":{"rendered":"https:\/\/estma.com\/trade-finance\/"},"modified":"2024-05-29T10:19:34","modified_gmt":"2024-05-29T10:19:34","slug":"kaubanduse-rahastamise-abi","status":"publish","type":"page","link":"https:\/\/estma.com\/et\/teenused\/kaubanduse-rahastamise-abi\/","title":{"rendered":"Kaubanduse rahastamise abi"},"content":{"rendered":"<div class=\"ama-block block-narrow-container no-top-margin no-paddings\"><div class=\"row row-grid\"><div class=\"col-12 offset-xl-2\">\n\n<p class=\"wp-el\">ESTMA aitab partnerettev\u00f5tetel saada rahastust \u00e4ritegevuse h\u00f5lbustamiseks, kuid pakub paljudel juhtudel ka krediidiliine v\u00f5i nende pikendamist. Kaubanduse rahastamine v\u00f5imaldab ettev\u00f5tetel saada kauba tagatisel ostjatelt laekumata n\u00f5uete alusel sularaha.<\/p>\n\n\n\n<p class=\"wp-el\">ESTMA tegutseb ka garantii andjana pankadele, ostjatele ja m\u00fc\u00fcjatele, esitades vajaduse korral ekspediitorite lastikviitungeid (FCR).<\/p>\n\n\n\n<p class=\"wp-el\">ESTMAd on akrediteerinud paljud rahvusvahelised pangad.<\/p>\n\n<\/div><\/div><\/div>\n\n<div class=\"ama-block block-bgcolor has-third-background-color alignmax\"><div class=\"acf-innerblocks-container\">\n<div class=\"ama-block block-narrow-container no-top-margin no-paddings\"><div class=\"row row-grid\"><div class=\"col-12 offset-xl-2\">\n\n<h2 class=\"wp-block-heading wp-el\">Saada p\u00e4ring<\/h2>\n\n\n\n<div class=\"wp-block-contact-form-7-contact-form-selector\">\n<div class=\"wpcf7 no-js\" id=\"wpcf7-f710-o1\" lang=\"et\" dir=\"ltr\">\n<div class=\"screen-reader-response\"><p role=\"status\" aria-live=\"polite\" aria-atomic=\"true\"><\/p> <ul><\/ul><\/div>\n<form action=\"\/et\/wp-json\/wp\/v2\/pages\/647#wpcf7-f710-o1\" method=\"post\" class=\"wpcf7-form init\" aria-label=\"Contact form\" novalidate=\"novalidate\" data-status=\"init\">\n<div style=\"display: none;\">\n<input type=\"hidden\" name=\"_wpcf7\" value=\"710\" \/>\n<input type=\"hidden\" name=\"_wpcf7_version\" value=\"5.9.5\" \/>\n<input type=\"hidden\" name=\"_wpcf7_locale\" value=\"et\" \/>\n<input type=\"hidden\" name=\"_wpcf7_unit_tag\" value=\"wpcf7-f710-o1\" \/>\n<input type=\"hidden\" name=\"_wpcf7_container_post\" value=\"0\" \/>\n<input type=\"hidden\" name=\"_wpcf7_posted_data_hash\" value=\"\" \/>\n<\/div>\n<div class=\"row row-grid\">\n<div class=\"col-12 col-md-6\"><label>Nimi *<\/label><span class=\"wpcf7-form-control-wrap\" data-name=\"contact-name\"><input size=\"40\" class=\"wpcf7-form-control wpcf7-text wpcf7-validates-as-required\" autocomplete=\"off\" aria-required=\"true\" aria-invalid=\"false\" placeholder=\"Sisesta oma nimi\" value=\"\" type=\"text\" name=\"contact-name\" \/><\/span><\/div>\n<div class=\"col-12 col-md-6\"><label>Ettev\u00f5te *<\/label><span class=\"wpcf7-form-control-wrap\" data-name=\"contact-company\"><input size=\"40\" class=\"wpcf7-form-control wpcf7-text wpcf7-validates-as-required\" autocomplete=\"off\" aria-required=\"true\" aria-invalid=\"false\" placeholder=\"Sisesta ettev\u00f5tte nimi\" value=\"\" type=\"text\" name=\"contact-company\" \/><\/span><\/div>\n<div class=\"col-12 col-md-6\"><label>Telefon *<\/label><span class=\"wpcf7-form-control-wrap\" data-name=\"contact-phone\"><input size=\"40\" class=\"wpcf7-form-control wpcf7-text wpcf7-validates-as-required\" autocomplete=\"off\" aria-required=\"true\" aria-invalid=\"false\" placeholder=\"Sisesta telefoninumber\" value=\"\" type=\"text\" name=\"contact-phone\" \/><\/span><\/div>\n<div class=\"col-12 col-md-6\"><label>E-post *<\/label><span class=\"wpcf7-form-control-wrap\" data-name=\"contact-email\"><input size=\"40\" class=\"wpcf7-form-control wpcf7-email wpcf7-validates-as-required wpcf7-text wpcf7-validates-as-email\" autocomplete=\"off\" aria-required=\"true\" aria-invalid=\"false\" placeholder=\"Sisesta e-posti aadress\" value=\"\" type=\"email\" name=\"contact-email\" \/><\/span><\/div>\n<div class=\"col-12 col-md-6\"><label>Regioon<\/label><span class=\"wpcf7-form-control-wrap\" data-name=\"contact-region\"><select class=\"wpcf7-form-control wpcf7-select\" aria-invalid=\"false\" name=\"contact-region\"><option value=\"Eesti\">Eesti<\/option><option value=\"L\u00e4ti\">L\u00e4ti<\/option><option value=\"Leedu\">Leedu<\/option><option value=\"Venemaa\">Venemaa<\/option><option value=\"Kasahstan\">Kasahstan<\/option><option value=\"Suubritannia\">Suubritannia<\/option><option value=\"Muu\">Muu<\/option><\/select><\/span><\/div>\n<div class=\"col-12 col-md-6\"><label>Koduleht<\/label><span class=\"wpcf7-form-control-wrap\" data-name=\"contact-url\"><input size=\"40\" class=\"wpcf7-form-control wpcf7-text\" autocomplete=\"off\" aria-invalid=\"false\" placeholder=\"Sisesta kodulehe aadress\" value=\"\" type=\"text\" name=\"contact-url\" \/><\/span><\/div>\n<div class=\"col-12\"><label>S\u00f5num<\/label><span class=\"wpcf7-form-control-wrap\" data-name=\"contact-remark\"><textarea cols=\"40\" rows=\"10\" class=\"wpcf7-form-control wpcf7-textarea\" aria-invalid=\"false\" placeholder=\"Kirjuta oma k\u00fcsimused ja soovid vabas vormis\" name=\"contact-remark\"><\/textarea><\/span><\/div>\n<div class=\"col-12 text-center\"><input class=\"wpcf7-form-control wpcf7-submit has-spinner\" type=\"submit\" value=\"Saada\" \/><\/div>\n<\/div>\n<span class=\"wpcf7-form-control-wrap form-page-title\" data-name=\"form-page-title\"><input type=\"hidden\" name=\"form-page-title\" id=\"\" class=\"wpcf7-form-control wpcf7-hidden wpcf7dtx wpcf7dtx-hidden\" aria-invalid=\"false\" value=\"Kaubanduse rahastamise abi\" \/><\/span>\n<span class=\"wpcf7-form-control-wrap form-page-url\" data-name=\"form-page-url\"><input type=\"hidden\" name=\"form-page-url\" id=\"\" class=\"wpcf7-form-control wpcf7-hidden wpcf7dtx wpcf7dtx-hidden\" aria-invalid=\"false\" value=\"https:\/\/estma.com\/et\/wp-json\/wp\/v2\/pages\/647\" \/><\/span><div class=\"wpcf7-response-output\" aria-hidden=\"true\"><\/div>\n<\/form>\n<\/div>\n<\/div>\n\n<\/div><\/div><\/div>\n<\/div><\/div>","protected":false},"excerpt":{"rendered":"","protected":false},"author":1,"featured_media":0,"parent":655,"menu_order":33,"comment_status":"closed","ping_status":"closed","template":"","meta":{"inline_featured_image":false,"footnotes":""},"class_list":["post-647","page","type-page","status-publish","hentry"],"acf":[],"_links":{"self":[{"href":"https:\/\/estma.com\/et\/wp-json\/wp\/v2\/pages\/647","targetHints":{"allow":["GET"]}}],"collection":[{"href":"https:\/\/estma.com\/et\/wp-json\/wp\/v2\/pages"}],"about":[{"href":"https:\/\/estma.com\/et\/wp-json\/wp\/v2\/types\/page"}],"author":[{"embeddable":true,"href":"https:\/\/estma.com\/et\/wp-json\/wp\/v2\/users\/1"}],"replies":[{"embeddable":true,"href":"https:\/\/estma.com\/et\/wp-json\/wp\/v2\/comments?post=647"}],"version-history":[{"count":6,"href":"https:\/\/estma.com\/et\/wp-json\/wp\/v2\/pages\/647\/revisions"}],"predecessor-version":[{"id":1651,"href":"https:\/\/estma.com\/et\/wp-json\/wp\/v2\/pages\/647\/revisions\/1651"}],"up":[{"embeddable":true,"href":"https:\/\/estma.com\/et\/wp-json\/wp\/v2\/pages\/655"}],"wp:attachment":[{"href":"https:\/\/estma.com\/et\/wp-json\/wp\/v2\/media?parent=647"}],"curies":[{"name":"wp","href":"https:\/\/api.w.org\/{rel}","templated":true}]}}