{"id":653,"date":"2023-08-12T15:37:32","date_gmt":"2023-08-12T15:37:32","guid":{"rendered":"https:\/\/estma.com\/company\/"},"modified":"2024-05-23T14:08:28","modified_gmt":"2024-05-23T14:08:28","slug":"ettevote","status":"publish","type":"page","link":"https:\/\/estma.com\/et\/ettevote\/","title":{"rendered":"Ettev\u00f5te"},"content":{"rendered":"\n<figure class=\"wp-block-image size-large history-image\"><img loading=\"lazy\" decoding=\"async\" width=\"1380\" height=\"1311\" src=\"https:\/\/estma.com\/wp-content\/uploads\/2023\/08\/Sadama-17-photo-XX-century-1380x1311.png\" alt=\"\" class=\"wp-image-158\" srcset=\"https:\/\/estma.com\/wp-content\/uploads\/2023\/08\/Sadama-17-photo-XX-century-1380x1311.png 1380w, https:\/\/estma.com\/wp-content\/uploads\/2023\/08\/Sadama-17-photo-XX-century.png 1400w\" sizes=\"auto, (max-width: 1380px) 100vw, 1380px\" \/><\/figure>\n\n\n\n<h1 class=\"wp-block-heading no-top-margin wp-el\">Ettev\u00f5tte ajalugu<\/h1>\n\n\n\n<p class=\"wp-el\"><strong>ESTMA ehk Eesti Mereagentuur<\/strong> asutati 18. mail 1990. aastal endise N\u00f5ukogude Liidu esimese eraomanduses oleva merelogistikaagentuurina.<\/p>\n\n\n\n<p class=\"wp-el\">Praeguseks on ESTMA \u00fcks Eesti suurimaid ettev\u00f5tteid omas valdkonnas, osutades laia valikut laevanduse, logistika ja rahvusvahelise kaubaveo teenuseid.<\/p>\n\n\n\n<p class=\"wp-el\">Aastate jooksul oleme suutnud luua edukaid ja vastastikku kasulikke \u00e4risuhteid ning p\u00fchendunud teenuseosutamisele oma klientidele.<\/p>\n\n\n\n<h2 class=\"wp-block-heading has-primary-color has-text-color wp-el\">T\u00e4htsad kuup\u00e4evad ettev\u00f5tte ajaloos<\/h2>\n\n\n\n<ul class=\"history-li-block has-left-gap wp-block-list wp-el\">\n<li><strong>Mai 1990<\/strong> \u2013 asutatakse ESTMA ja sellest saab endise N\u00f5ukogude Liidu esimene eraomanduses olev merendusagentuur<\/li>\n\n\n\n<li><strong>1991<\/strong> \u2013 ESTMA alustab tegevust P\u00e4rnu Sadamas, pakkudes laevade agenteerimise, prahtimise ja kaupade ekspedeerimise teenuseid<\/li>\n\n\n\n<li><strong>1994<\/strong> \u2013 tegevust alustab ESTMA Terminal AS, kes pakub t\u00e4ielikku tolliladustamisteenust<\/li>\n\n\n\n<li><strong>1995<\/strong> \u2013 ESTMA saab P\u00e4rnu Sadama aktsion\u00e4riks<\/li>\n\n\n\n<li><strong>Juuni 1997<\/strong> \u2013 ESTMA laieneb L\u00e4tisse ning Riia sadamas alustab t\u00f6\u00f6d SIA ESTMA, kes osutab laevade agenteerimise, kaupade \u00fclemaailmse ekspedeerimise, ladustamise, tollimaakleri ja lennukaubaveo teenuseid<\/li>\n\n\n\n<li><strong>1998<\/strong> \u2013 ESTMA omandab Hara sadama, kus kunagi asus N\u00f5ukogude Liidu merev\u00e4ebaas<\/li>\n\n\n\n<li><strong>1999<\/strong> \u2013 k\u00f5ik ESTMA \u00e4ri\u00fcksused saavad rahvusvahelise logistika kvaliteedisertifikaadi ISO 9001<\/li>\n\n\n\n<li><strong>Oktoober 1999<\/strong> \u2013 alguse saab koost\u00f6\u00f6 ettev\u00f5ttega Steinweg Handelsveem B.V., mis on \u00fcks juhtivaid kaupade ekspedeerimise ettev\u00f5tteid maailmas<\/li>\n<\/ul>\n\n\n\n<ul class=\"history-li-block has-left-gap wp-block-list wp-el\">\n<li><strong>Mai 2000<\/strong> \u2013 ESTMA t\u00e4histab oma k\u00fcmnenda eduka tegutsemisaasta t\u00e4itumist<\/li>\n\n\n\n<li><strong>2000<\/strong> \u2013 ESTMA hakkab kruiisilaevadega saabunud turistidele ekskursioone korraldama<\/li>\n\n\n\n<li><strong>2002<\/strong> \u2013 ESTMA laiendab oma tegevust, hakates pakkuma ka lennukaubaveoteenuseid<\/li>\n\n\n\n<li><strong>2003<\/strong> \u2013 ESTMA laiendab oma tegevust L\u00e4tis; SIA ESTMA alustab t\u00f6\u00f6d Ventspilsi ja Liepaja sadamas, pakkudes seal laevade agenteerimise, kaupade \u00fclemaailmse ekspedeerimise ja reisiteenuseid<\/li>\n\n\n\n<li><strong>2003<\/strong> \u2013 ESTMA alustab koost\u00f6\u00f6d kontserniga SDV International Logistics ning temast saab selle volitatud agent Eestis ja L\u00e4tis<\/li>\n\n\n\n<li><strong>2004<\/strong> \u2013 L\u00e4tis tegutsev SIA ESTMA saab L\u00e4ti Laevamaaklerite ja Laevaagentide \u00dchenduse (NALSA) liikmeks<\/li>\n\n\n\n<li><strong>August 2004<\/strong> \u2013 ESTMA O\u00dc laiendab oma sadamaagendina tegutsemist Eestis ja alustab t\u00f6\u00f6d Sillam\u00e4e sadamas, pakkudes sadama agenteerimise, kaupade \u00fclemaailmse ekspedeerimise, tollimaakleri ja lennukaubaveo teenused<\/li>\n\n\n\n<li><strong>2004<\/strong> \u2013 ESTMA laieneb Venemaale, OOO ESTMA Russia alustab tegevust Moskvas ja Peterburi sadamas<\/li>\n\n\n\n<li><strong>2005<\/strong> \u2013 ESTMA laiendab Venemaal oma haaret, hakates koost\u00f6\u00f6s kohaliku partneriga pakkuma Kaliningradi sadamas laevade agenteerimise teenuseid<\/li>\n\n\n\n<li><strong>November 2005<\/strong> \u2013 ESTMA laiendab oma tegevust Venemaal veelgi ning OOO ESTMA Russia hakkab teenuseid pakkuma ka Jekaterinburgis<\/li>\n\n\n\n<li><strong>Juuli 2006<\/strong> \u2013 ESTMA laieneb Leedusse, UAB ESTMA alustab t\u00f6\u00f6d Klaip\u0117da, Kaunase ja Vilniuse sadamas<\/li>\n\n\n\n<li><strong>2006<\/strong> \u2013 ESTMA Travel laieneb k\u00f5igisse Balti riikidesse ja hakkab osutama sissetuleva turismi teenuseid<\/li>\n\n\n\n<li><strong>2007<\/strong> \u2013 Leedus tegutsev UAB ESTMA saab Leedu Laevamaaklerite ja Laevaagentide \u00dchenduse (LLMAA) liikmeks<\/li>\n\n\n\n<li><strong>Mai 2007<\/strong> \u2013 ESTMA Terminal AS avab Tallinnas uue kinnise lao, mille tulemusena suureneb ettev\u00f5tte kogu kinnine laopind 7500 ruutmeetrini<\/li>\n\n\n\n<li><strong>September 2007<\/strong> \u2013 ESTMA laieneb Hiinasse ning Pekingis alustab tegevust ESTMA China<\/li>\n\n\n\n<li><strong>2007<\/strong> \u2013 ESTMA lastilendude \u00fcksuse personal vastab t\u00e4ielikult IATA n\u00f5uetele ja taotletakse IATA kaubaagendi sertifikaati<\/li>\n<\/ul>\n\n\n\n<ul class=\"history-li-block has-left-gap wp-block-list wp-el\">\n<li><strong>Mai 2010<\/strong> \u2013 t\u00e4histatakse 20. tegevusaasta t\u00e4itumist<\/li>\n\n\n\n<li><strong>2011<\/strong> \u2013 ESTMA l\u00f5petab oma tegevuse Venemaal Jekaterinburgis ja Hiinas Pekingis<\/li>\n\n\n\n<li><strong>2013<\/strong> \u2013 ESTMA avab kontori Kasahstanis Almat\u00f5s<\/li>\n\n\n\n<li><strong>Oktoober 2016<\/strong> \u2013 ESTMA laiendab oma tegevust Venemaal, OOO ESTMA Russia alustab t\u00f6\u00f6d Primorski sadamas<\/li>\n\n\n\n<li><strong>2017<\/strong> \u2013 ESTMA suundub aktiivselt \u00e4rikinnisvara turule, omandades mitu kontorit ja kontorihoonet ning \u00e4rikinnistut edasiste arenduste tarbeks. Aastatepikkune seotus kontorite, laohoonete ja hotellidega, mida ESTMA oma tegevuses vajab, on pannud m\u00f5istma, et \u00e4rikinnisvara t\u00e4idab logistikaprotsessis suurt ja olulist rolli ning on kasulik ettev\u00f5tluse mitmekesistamiseks.<\/li>\n\n\n\n<li><strong>2018<\/strong> \u2013 k\u00e4iku v\u00f5etakse alus MV MPP Annamaria<\/li>\n\n\n\n<li><strong>2018<\/strong> \u2013 alguse saab ESTMA ja RIMI koost\u00f6\u00f6 \u00e4rikinnisvara alal<\/li>\n\n\n\n<li><strong>2019<\/strong> \u2013 ESTMA omandab Riias kinnistu, kuhu rajada kontor ja laohoone<\/li>\n\n\n\n<li><strong>2019<\/strong> \u2013 alus MV MPP Gala teeb oma esimese s\u00f5idu<\/li>\n\n\n\n<li><strong>2019<\/strong> \u2013 ESTMA teenindab 80% Tallinnasse saabunud kruiisilaevadest<\/li>\n\n\n\n<li><strong>2019<\/strong> \u2013 ESTMA allkirjastab hotellihalduslepingu Hyatt Internationaliga<\/li>\n<\/ul>\n\n\n\n<ul class=\"history-li-block has-left-gap wp-block-list wp-el\">\n<li><strong>Aprill 2020<\/strong> \u2013 ESTMA nimetatakse Ust-Luga sadama laevaagendiks<\/li>\n\n\n\n<li><strong>Mai 2020<\/strong> \u2013 ESTMA saab Islandi laevandusettev\u00f5tte Eimskip esindajaks<\/li>\n\n\n\n<li><strong>Mai 2020<\/strong> \u2013 ESTMA avab uksed Venemaa l\u00f5unaosas, hakates teenuseid osutama nii Novorossiiski kui ka Doni-\u00e4\u00e4rse Rostovi sadamas<\/li>\n\n\n\n<li><strong>Mai 2020<\/strong> \u2013 ESTMA t\u00e4histab oma 30. tegevusaasta t\u00e4itumist<\/li>\n\n\n\n<li><strong>Juuni 2020<\/strong> \u2013 ESTMA ostab maad hotelli ja kontorihoone ehitamiseks<\/li>\n\n\n\n<li><strong>2023<\/strong> \u2013 ESTMA alustab Hyatt Place Tallinn Hotelli ehitust<\/li>\n\n\n\n<li><strong>2023<\/strong> \u2013 ESTMA ostab oma kolmanda MPP laeva Minnesota<\/li>\n<\/ul>\n\n\n\n<p class=\"wp-el\">Meie kogemus on mitmek\u00fclgne, filtreeritud l\u00e4bi meie ajaloo, v\u00e4ljakujunenud traditsioonide, igap\u00e4evase praktika ja organisatsioonilise korralduse ning meie meeskond tagab sellega p\u00fcsiva potentsiaali.<\/p>\n\n\n\n<p class=\"wp-el\"><strong>Eestis pakutavatele teenustele lisaks on ESTMA-l ettev\u00f5tted ja esindused, kes tegutsevad:<\/strong><br>VENEMAA F\u00d6DERATSIOONIS, L\u00c4TIS, LEEDUS, KASAHSTANIS ja \u00dcHENDKUNINGRIIGIS ning kasutada on ka \u00fclemaailmne partnerv\u00f5rgustik.<\/p>\n\n\n\n<p class=\"wp-el\">ESTMA meeskonnas on kogenud ja hoolivad inimesed, kellel on ainulaadne kutsekvalifikatsioon lennukaubaveo, ekspedeerimise, mereteenuste ja kinnisvara valdkonnas.<br>Peale juhtkonna, kes on toetanud ettev\u00f5tet palju aastaid, on ka uusi, andekaid ja energilisi t\u00f6\u00f6tajaid, kes rakendavad oma teadmisi ja oskusi, et osutada n\u00f5udlust j\u00e4rgivat personaliseeritud teenust.<\/p>\n\n\n\n<p class=\"wp-el\">ESTMA pakub <strong>lennu-<\/strong>, <strong>raudtee-<\/strong>, <strong>maantee-<\/strong>, <strong>mere- ja mitmeliigilise transpordi<\/strong> lepinguid, v\u00f5imaldades k\u00f5ige tulemuslikumat lahendust kauba ohutuks toimetamiseks sihtpunkti.<br>Eesm\u00e4rk on pakkuda klientidele ajakohaste, kvaliteetsete, tehnoloogiliste ja proaktiivsete teenuste ja \u00e4rilahenduste t\u00e4isvalikut, mis on alati ja k\u00f5ikjal k\u00f5rgel tasemel.<\/p>\n\n\n\n<p class=\"has-primary-color has-text-color wp-el\"><strong>Eesm\u00e4rk on pakkuda klientidele ajakohaste, kvaliteetsete, tehnoloogiliste ja proaktiivsete teenuste ja \u00e4rilahenduste t\u00e4isvalikut, mis on alati ja k\u00f5ikjal k\u00f5rgel tasemel.<\/strong><\/p>\n\n\n\n<h2 class=\"wp-block-heading has-primary-color has-text-color wp-el\">Kvaliteet ja keskkonnaohutus<\/h2>\n\n\n\n<p class=\"wp-el\">Meile on oluline pakkuda professionaalset teenust k\u00f5igis valdkondades, mis toetavad meie klienti kauba teel tarnijalt kliendini. See h\u00f5lmab k\u00f5iki m\u00fc\u00fcgieelseid, -aegseid ja -j\u00e4rgseid tegevusi.<\/p>\n\n\n\n<p class=\"wp-el\">K\u00f5ik ESTMA \u00e4ri\u00fcksused on saanud globaalse logistika sertifikaadi ISO 9001:2015. Sellele tuginevad meie paindlikud ja korrektsed siseprotseduurid ja teenused klientidele.<\/p>\n\n\n\n<p class=\"wp-el\">ESTMA on Rahvusvahelise Lennutranspordi Assotsiatsiooni (IATA), L\u00e4\u00e4nemere ja Rahvusvahelise Merendusn\u00f5ukogu (BIMCO), Eesti Kaubandus-T\u00f6\u00f6stuskoja ning L\u00e4ti<\/p>\n\n\n\n<p class=\"wp-el\">Laevamaaklerite ja Laevaagentide \u00dchenduse (NALSA) liige. K\u00f5ik need organisatsioonid on tunnustanud ettev\u00f5tte aastatepikkust silmapaistvat tulemuslikkust ekspedeerimisturul.<\/p>\n\n\n\n<p class=\"wp-el\">Tervishoiu- ja ohutusn\u00f5uete range j\u00e4rgimine.<\/p>\n\n\n\n<h3 class=\"wp-block-heading has-primary-color has-text-color wp-el\">Kindlustus<\/h3>\n\n\n\n<p class=\"wp-el\">Lisaks kaitseme oma tegevust kindlustades oma ja kolmandate isikute riskid. See h\u00f5lmab ekspediitorite kindlustust, vastutuskindlustust jms.<\/p>\n\n\n\n<p class=\"has-primary-color has-text-color wp-el\"><strong>Korrektne teenuseosutamine on k\u00f5ige t\u00e4htsam tegevus.<br>ESTMAs kohtute p\u00fchendunud ja sihikindlate inimestega, kellel on \u00f5ige suhtumine.<\/strong><\/p>\n\n\n\n<p class=\"has-primary-color has-text-color wp-el\"><strong>Oleme kindlad, et leiame teie ettev\u00f5ttele sobiva lahenduse.<\/strong><\/p>\n","protected":false},"excerpt":{"rendered":"<p>Ettev\u00f5tte ajalugu ESTMA ehk Eesti Mereagentuur asutati 18. mail 1990. aastal endise N\u00f5ukogude Liidu esimese eraomanduses oleva merelogistikaagentuurina. Praeguseks on&#8230;<\/p>\n","protected":false},"author":1,"featured_media":0,"parent":0,"menu_order":35,"comment_status":"closed","ping_status":"closed","template":"","meta":{"inline_featured_image":false,"footnotes":""},"class_list":["post-653","page","type-page","status-publish","hentry"],"acf":[],"_links":{"self":[{"href":"https:\/\/estma.com\/et\/wp-json\/wp\/v2\/pages\/653","targetHints":{"allow":["GET"]}}],"collection":[{"href":"https:\/\/estma.com\/et\/wp-json\/wp\/v2\/pages"}],"about":[{"href":"https:\/\/estma.com\/et\/wp-json\/wp\/v2\/types\/page"}],"author":[{"embeddable":true,"href":"https:\/\/estma.com\/et\/wp-json\/wp\/v2\/users\/1"}],"replies":[{"embeddable":true,"href":"https:\/\/estma.com\/et\/wp-json\/wp\/v2\/comments?post=653"}],"version-history":[{"count":8,"href":"https:\/\/estma.com\/et\/wp-json\/wp\/v2\/pages\/653\/revisions"}],"predecessor-version":[{"id":1383,"href":"https:\/\/estma.com\/et\/wp-json\/wp\/v2\/pages\/653\/revisions\/1383"}],"wp:attachment":[{"href":"https:\/\/estma.com\/et\/wp-json\/wp\/v2\/media?parent=653"}],"curies":[{"name":"wp","href":"https:\/\/api.w.org\/{rel}","templated":true}]}}