{"id":658,"date":"2023-08-12T15:37:11","date_gmt":"2023-08-12T15:37:11","guid":{"rendered":"https:\/\/estma.com\/home\/"},"modified":"2024-05-29T10:20:14","modified_gmt":"2024-05-29T10:20:14","slug":"avaleht","status":"publish","type":"page","link":"https:\/\/estma.com\/et\/","title":{"rendered":"Avaleht"},"content":{"rendered":"<div class=\"ama-block block-bgcolor has-third-background-color has-slider-first alignmax\"><div class=\"acf-innerblocks-container\">\n<div class=\"ama-block block-background-slider position-relative\" data-animate=\"T_FADE\"><div class=\"splide\" data-splide={\"type\":\"fade\",\"rewind\":true,\"arrows\":false,\"autoplay\":true,\"pauseOnHover\":false}><div class=\"splide__track\"><ul class=\"splide__list\"><li class=\"splide__slide\"><img fetchpriority=\"high\" decoding=\"async\" src=\"https:\/\/estma.com\/wp-content\/uploads\/2024\/05\/revel_ajvazovskij3-1400x960-1.png\" alt=\"\"><\/li><\/ul><\/div><\/div><\/div>\n\n<div class=\"ama-block block-tabs\"><div class=\"row\" data-animate=\"T_FADE_UP\"><div class=\"col-12 col-xl-10 offset-xl-1\"><ul class=\"nav nav-tabs\" role=\"tablist\"><li class=\"nav-item\" role=\"presentation\"><button class=\"nav-link active\" id=\"tab-69ea33ce7ed131-tab\" data-bs-toggle=\"tab\" data-bs-target=\"#tab-69ea33ce7ed131-tab-pane\" type=\"button\" role=\"tab\" aria-controls=\"tab-69ea33ce7ed131-tab-pane\" aria-selected=\"true\">Teenused<\/button><\/li><li class=\"nav-item\" role=\"presentation\"><button class=\"nav-link\" id=\"tab-69ea33ce7ed132-tab\" data-bs-toggle=\"tab\" data-bs-target=\"#tab-69ea33ce7ed132-tab-pane\" type=\"button\" role=\"tab\" aria-controls=\"tab-69ea33ce7ed132-tab-pane\" aria-selected=\"false\">Ettev\u00f5ttest<\/button><\/li><li class=\"nav-item\" role=\"presentation\"><button class=\"nav-link\" id=\"tab-69ea33ce7ed133-tab\" data-bs-toggle=\"tab\" data-bs-target=\"#tab-69ea33ce7ed133-tab-pane\" type=\"button\" role=\"tab\" aria-controls=\"tab-69ea33ce7ed133-tab-pane\" aria-selected=\"false\">Meie eelised<\/button><\/li><\/ul><div class=\"tab-content\"><div class=\"tab-pane fade show active\" id=\"tab-69ea33ce7ed131-tab-pane\" role=\"tabpanel\" aria-labelledby=\"tab-69ea33ce7ed131-tab\" tabindex=\"0\"><div class=\"tab-pane__element element-img_title_grid\"><p class=\"fw-bold has-medium-font-size\">ESTMA O\u00dc pakub erinevaid kaubavedusid:<\/p><div class=\"component-img_title_grid\"><a href=\"https:\/\/estma.com\/et\/teenused\/laevade-agenteerimine\/\" class=\"grid-item\"><img loading=\"lazy\" decoding=\"async\" width=\"40\" height=\"40\" src=\"https:\/\/estma.com\/wp-content\/uploads\/fly-images\/374\/estma-ship-agency-40x40-c.jpg\" class=\"attachment-40x40\" alt=\"Ship Agency\" srcset=\"https:\/\/estma.com\/wp-content\/uploads\/fly-images\/374\/estma-ship-agency-40x40-c.jpg 1x, https:\/\/estma.com\/wp-content\/uploads\/fly-images\/374\/estma-ship-agency-80x80-c.jpg 2x\" \/><p>Laevade agenteerimine<\/p><\/a><a href=\"https:\/\/estma.com\/et\/teenused\/laevamaaklerlus\/\" class=\"grid-item\"><img loading=\"lazy\" decoding=\"async\" width=\"40\" height=\"40\" src=\"https:\/\/estma.com\/wp-content\/uploads\/fly-images\/585\/estma-chartering-40x40-c.jpg\" class=\"attachment-40x40\" alt=\"Chartering\" srcset=\"https:\/\/estma.com\/wp-content\/uploads\/fly-images\/585\/estma-chartering-40x40-c.jpg 1x, https:\/\/estma.com\/wp-content\/uploads\/fly-images\/585\/estma-chartering-80x80-c.jpg 2x\" \/><p>Laevamaaklerlus<\/p><\/a><a href=\"https:\/\/estma.com\/et\/teenused\/lennukaubaveod\/\" class=\"grid-item\"><img loading=\"lazy\" decoding=\"async\" width=\"40\" height=\"40\" src=\"https:\/\/estma.com\/wp-content\/uploads\/fly-images\/334\/estma-air-freight-40x40-c.jpg\" class=\"attachment-40x40\" alt=\"Air Freight\" srcset=\"https:\/\/estma.com\/wp-content\/uploads\/fly-images\/334\/estma-air-freight-40x40-c.jpg 1x, https:\/\/estma.com\/wp-content\/uploads\/fly-images\/334\/estma-air-freight-80x80-c.jpg 2x\" \/><p>Lennukaubaveod<\/p><\/a><a href=\"https:\/\/estma.com\/et\/teenused\/kaupade-ekspedeerimine\/\" class=\"grid-item\"><img loading=\"lazy\" decoding=\"async\" width=\"40\" height=\"40\" src=\"https:\/\/estma.com\/wp-content\/uploads\/fly-images\/345\/estma-freight-forwarding-40x40-c.jpg\" class=\"attachment-40x40\" alt=\"Freight Forwarding\" srcset=\"https:\/\/estma.com\/wp-content\/uploads\/fly-images\/345\/estma-freight-forwarding-40x40-c.jpg 1x, https:\/\/estma.com\/wp-content\/uploads\/fly-images\/345\/estma-freight-forwarding-80x80-c.jpg 2x\" \/><p>Kaupade ekspedeerimine<\/p><\/a><a href=\"https:\/\/estma.com\/et\/teenused\/konsolideeritud-ja-projektkaubavedu\/\" class=\"grid-item\"><img loading=\"lazy\" decoding=\"async\" width=\"40\" height=\"40\" src=\"https:\/\/estma.com\/wp-content\/uploads\/fly-images\/827\/estma-project-cargo-02-40x40-c.jpg\" class=\"attachment-40x40\" alt=\"Project cargo\" srcset=\"https:\/\/estma.com\/wp-content\/uploads\/fly-images\/827\/estma-project-cargo-02-40x40-c.jpg 1x, https:\/\/estma.com\/wp-content\/uploads\/fly-images\/827\/estma-project-cargo-02-80x80-c.jpg 2x\" \/><p>Konsolideeritud ja projektkaubavedu<\/p><\/a><a href=\"https:\/\/estma.com\/et\/teenused\/tolliteenused\/\" class=\"grid-item\"><img loading=\"lazy\" decoding=\"async\" width=\"40\" height=\"40\" src=\"https:\/\/estma.com\/wp-content\/uploads\/fly-images\/367\/estma-customs-services-40x40-c.jpg\" class=\"attachment-40x40\" alt=\"Customs Services\" srcset=\"https:\/\/estma.com\/wp-content\/uploads\/fly-images\/367\/estma-customs-services-40x40-c.jpg 1x, https:\/\/estma.com\/wp-content\/uploads\/fly-images\/367\/estma-customs-services-80x80-c.jpg 2x\" \/><p>Tolliteenused<\/p><\/a><a href=\"https:\/\/estma.com\/et\/teenused\/ladustamine\/\" class=\"grid-item\"><img loading=\"lazy\" decoding=\"async\" width=\"40\" height=\"40\" src=\"https:\/\/estma.com\/wp-content\/uploads\/fly-images\/359\/estma-warehousing-40x40-c.jpg\" class=\"attachment-40x40\" alt=\"Warehousing\" srcset=\"https:\/\/estma.com\/wp-content\/uploads\/fly-images\/359\/estma-warehousing-40x40-c.jpg 1x, https:\/\/estma.com\/wp-content\/uploads\/fly-images\/359\/estma-warehousing-80x80-c.jpg 2x\" \/><p>Ladustamine<\/p><\/a><a href=\"https:\/\/estma.com\/et\/teenused\/ekskursiooniteenused\/\" class=\"grid-item\"><img loading=\"lazy\" decoding=\"async\" width=\"40\" height=\"40\" src=\"https:\/\/estma.com\/wp-content\/uploads\/fly-images\/400\/estma-shorex-services-40x40-c.jpg\" class=\"attachment-40x40\" alt=\"Shorex Services\" srcset=\"https:\/\/estma.com\/wp-content\/uploads\/fly-images\/400\/estma-shorex-services-40x40-c.jpg 1x, https:\/\/estma.com\/wp-content\/uploads\/fly-images\/400\/estma-shorex-services-80x80-c.jpg 2x\" \/><p>Ekskursiooniteenused<\/p><\/a><a href=\"https:\/\/estma.com\/et\/teenused\/kaubanduse-rahastamise-abi\/\" class=\"grid-item\"><img loading=\"lazy\" decoding=\"async\" width=\"40\" height=\"40\" src=\"https:\/\/estma.com\/wp-content\/uploads\/fly-images\/598\/estma-trade-finance-40x40-c.jpg\" class=\"attachment-40x40\" alt=\"Trade Finance\" srcset=\"https:\/\/estma.com\/wp-content\/uploads\/fly-images\/598\/estma-trade-finance-40x40-c.jpg 1x, https:\/\/estma.com\/wp-content\/uploads\/fly-images\/598\/estma-trade-finance-80x80-c.jpg 2x\" \/><p>Kaubanduse rahastamise abi<\/p><\/a><\/div><\/div><\/div><div class=\"tab-pane fade\" id=\"tab-69ea33ce7ed132-tab-pane\" role=\"tabpanel\" aria-labelledby=\"tab-69ea33ce7ed132-tab\" tabindex=\"0\"><div class=\"tab-pane__element element-quote\"><div class=\"ama-quote\"><div class=\"ama-quote__img\"><img loading=\"lazy\" decoding=\"async\" width=\"150\" height=\"180\" src=\"https:\/\/estma.com\/wp-content\/uploads\/2023\/09\/sergei-ignatenko.jpg\" class=\"attachment-img-150x180 size-img-150x180\" alt=\"Sergei Ignatenko\" \/><p class=\"fw-bold\">Sergei Ignatenko<\/p><p class=\"has-small-font-size\">1957-2005<\/p><\/div><div class=\"ama-quote__content\"><p class=\"fw-bold has-medium-font-size\">Sergei Ignatenko, ESTMA asutaja<\/p><div class=\"classic-editor has-medium-font-size fst-italic\">&#8220;Tegelikult usun ma \u00fcht v\u00e4ikest tarkusetera, mis kannab suurt s\u00f5numit \u2013 k\u00f5ige edukamad inimesed ei istu paigal ega oota, et nendega mingi ime l\u00e4bi midagi head juhtuks, nad haaravad h\u00e4rjal sarvist ning p\u00fc\u00fcavad ise millegagi hakkama saada, ja nii igas eluvaldkonnas.&#8221;<\/div><div class=\"ama-quote__btn text-end\"><div class=\"wp-block-button\"><a href=\"https:\/\/estma.com\/et\/ettevote\/\" class=\"wp-block-button__link\">Ettev\u00f5ttest l\u00e4hemalt<\/a><\/div><\/div><\/div><\/div><\/div><\/div><div class=\"tab-pane fade\" id=\"tab-69ea33ce7ed133-tab-pane\" role=\"tabpanel\" aria-labelledby=\"tab-69ea33ce7ed133-tab\" tabindex=\"0\"><div class=\"tab-pane__element element-nr_list_grid\"><ol class=\"styled-ol\"><li>Keeruline logistika on meie jaoks lihtne<\/li><li>Vastutulelikkus<\/li><li>Realistlik tagasiside<\/li><li>Individuaalne l\u00e4henemine<\/li><li>Sidusus<\/li><li>Abi kaubanduse rahastamisel, ostmisel ja m\u00fc\u00fcmisel<\/li><li>Eeskujuliku tegutsemisega seotud hea maine<\/li><li>Haldus-, tervishoiu- ja ohutusn\u00f5uete range j\u00e4rgimine<\/li><li>Nutikad, h\u00e4sti koolitatud ja kogenud meeskonnad<\/li><li>Abistame kliente l\u00e4bir\u00e4\u00e4kimistel k\u00f5igi ametiasutuste ja allt\u00f6\u00f6v\u00f5tjatega<\/li><li>Keskne raamatupidamiss\u00fcsteem<\/li><li>Kindlustatud tegevus<\/li><\/ol><\/div><\/div><\/div><\/div><\/div><\/div>\n<\/div><\/div>\n\n<div class=\"ama-block block-bgcolor has-fourth-background-color has-stencil alignmax\"><div class=\"acf-innerblocks-container\">\n<div class=\"ama-block block-form-specialist\" data-animate=\"T_FADE\"><div class=\"row\"><div class=\"col-12 col-xl-10 offset-xl-1\"><div class=\"ama-contact__person\"><p class=\"has-huge-font-size font-pt-serif\">V\u00f5tke \u00fchendust meie spetsialistidega<\/p><div class=\"editor-content\"><p><a href=\"tel:+3726401800\">Helista<\/a> v\u00f5i <a href=\"mailto:info@ee.estma.com\">kirjuta<\/a>. Meie spetsialistid pakuvad lahendusi esimesel v\u00f5imalusel.<\/p>\n<\/div><div class=\"contact-methods\"><p class=\"has-icon\"><span class=\"d-block fw-bold\"><a href=\"tel:+3726401800\"> +372 6401800<\/a><\/span><\/p><p class=\"has-icon\"><span class=\"d-block fw-bold\"><a href=\"mailto:info@ee.estma.com\">info@ee.estma.com<\/a><\/span><\/p><\/div><a href=\"https:\/\/estma.com\/et\/kontaktid\/\" class=\"ama-contact__person_all_ofices\">Meie kontorid<svg width=\"7\" height=\"12\" viewBox=\"0 0 7 12\" fill=\"none\" xmlns=\"http:\/\/www.w3.org\/2000\/svg\"><path id=\"Vector 1\" d=\"M1 1L5.29289 5.29289C5.68342 5.68342 5.68342 6.31658 5.29289 6.70711L1 11\" stroke=\"#0000FF\" stroke-width=\"2\" stroke-linecap=\"round\"\/><\/svg><\/a><\/div><div class=\"block__content\"><div class=\"wp-block-contact-form-7-contact-form-selector\">\n<div class=\"wpcf7 no-js\" id=\"wpcf7-f710-o1\" lang=\"et\" dir=\"ltr\">\n<div class=\"screen-reader-response\"><p role=\"status\" aria-live=\"polite\" aria-atomic=\"true\"><\/p> <ul><\/ul><\/div>\n<form action=\"\/et\/wp-json\/wp\/v2\/pages\/658#wpcf7-f710-o1\" method=\"post\" class=\"wpcf7-form init\" aria-label=\"Contact form\" novalidate=\"novalidate\" data-status=\"init\">\n<div style=\"display: none;\">\n<input type=\"hidden\" name=\"_wpcf7\" value=\"710\" \/>\n<input type=\"hidden\" name=\"_wpcf7_version\" value=\"5.9.5\" \/>\n<input type=\"hidden\" name=\"_wpcf7_locale\" value=\"et\" \/>\n<input type=\"hidden\" name=\"_wpcf7_unit_tag\" value=\"wpcf7-f710-o1\" \/>\n<input type=\"hidden\" name=\"_wpcf7_container_post\" value=\"0\" \/>\n<input type=\"hidden\" name=\"_wpcf7_posted_data_hash\" value=\"\" \/>\n<\/div>\n<div class=\"row row-grid\">\n<div class=\"col-12 col-md-6\"><label>Nimi *<\/label><span class=\"wpcf7-form-control-wrap\" data-name=\"contact-name\"><input size=\"40\" class=\"wpcf7-form-control wpcf7-text wpcf7-validates-as-required\" autocomplete=\"off\" aria-required=\"true\" aria-invalid=\"false\" placeholder=\"Sisesta oma nimi\" value=\"\" type=\"text\" name=\"contact-name\" \/><\/span><\/div>\n<div class=\"col-12 col-md-6\"><label>Ettev\u00f5te *<\/label><span class=\"wpcf7-form-control-wrap\" data-name=\"contact-company\"><input size=\"40\" class=\"wpcf7-form-control wpcf7-text wpcf7-validates-as-required\" autocomplete=\"off\" aria-required=\"true\" aria-invalid=\"false\" placeholder=\"Sisesta ettev\u00f5tte nimi\" value=\"\" type=\"text\" name=\"contact-company\" \/><\/span><\/div>\n<div class=\"col-12 col-md-6\"><label>Telefon *<\/label><span class=\"wpcf7-form-control-wrap\" data-name=\"contact-phone\"><input size=\"40\" class=\"wpcf7-form-control wpcf7-text wpcf7-validates-as-required\" autocomplete=\"off\" aria-required=\"true\" aria-invalid=\"false\" placeholder=\"Sisesta telefoninumber\" value=\"\" type=\"text\" name=\"contact-phone\" \/><\/span><\/div>\n<div class=\"col-12 col-md-6\"><label>E-post *<\/label><span class=\"wpcf7-form-control-wrap\" data-name=\"contact-email\"><input size=\"40\" class=\"wpcf7-form-control wpcf7-email wpcf7-validates-as-required wpcf7-text wpcf7-validates-as-email\" autocomplete=\"off\" aria-required=\"true\" aria-invalid=\"false\" placeholder=\"Sisesta e-posti aadress\" value=\"\" type=\"email\" name=\"contact-email\" \/><\/span><\/div>\n<div class=\"col-12 col-md-6\"><label>Regioon<\/label><span class=\"wpcf7-form-control-wrap\" data-name=\"contact-region\"><select class=\"wpcf7-form-control wpcf7-select\" aria-invalid=\"false\" name=\"contact-region\"><option value=\"Eesti\">Eesti<\/option><option value=\"L\u00e4ti\">L\u00e4ti<\/option><option value=\"Leedu\">Leedu<\/option><option value=\"Venemaa\">Venemaa<\/option><option value=\"Kasahstan\">Kasahstan<\/option><option value=\"Suubritannia\">Suubritannia<\/option><option value=\"Muu\">Muu<\/option><\/select><\/span><\/div>\n<div class=\"col-12 col-md-6\"><label>Koduleht<\/label><span class=\"wpcf7-form-control-wrap\" data-name=\"contact-url\"><input size=\"40\" class=\"wpcf7-form-control wpcf7-text\" autocomplete=\"off\" aria-invalid=\"false\" placeholder=\"Sisesta kodulehe aadress\" value=\"\" type=\"text\" name=\"contact-url\" \/><\/span><\/div>\n<div class=\"col-12\"><label>S\u00f5num<\/label><span class=\"wpcf7-form-control-wrap\" data-name=\"contact-remark\"><textarea cols=\"40\" rows=\"10\" class=\"wpcf7-form-control wpcf7-textarea\" aria-invalid=\"false\" placeholder=\"Kirjuta oma k\u00fcsimused ja soovid vabas vormis\" name=\"contact-remark\"><\/textarea><\/span><\/div>\n<div class=\"col-12 text-center\"><input class=\"wpcf7-form-control wpcf7-submit has-spinner\" type=\"submit\" value=\"Saada\" \/><\/div>\n<\/div>\n<span class=\"wpcf7-form-control-wrap form-page-title\" data-name=\"form-page-title\"><input type=\"hidden\" name=\"form-page-title\" id=\"\" class=\"wpcf7-form-control wpcf7-hidden wpcf7dtx wpcf7dtx-hidden\" aria-invalid=\"false\" value=\"Avaleht\" \/><\/span>\n<span class=\"wpcf7-form-control-wrap form-page-url\" data-name=\"form-page-url\"><input type=\"hidden\" name=\"form-page-url\" id=\"\" class=\"wpcf7-form-control wpcf7-hidden wpcf7dtx wpcf7dtx-hidden\" aria-invalid=\"false\" value=\"https:\/\/estma.com\/et\/wp-json\/wp\/v2\/pages\/658\" \/><\/span><div class=\"wpcf7-response-output\" aria-hidden=\"true\"><\/div>\n<\/form>\n<\/div>\n<\/div><\/div><\/div><\/div><\/div>\n<\/div><\/div>\n\n<div class=\"ama-block block-posts is-style-slider splide\" data-splide={\"gap\":\"var(--ama-gutter-double-x)\",\"perPage\":3,\"breakpoints\":{\"567\":{\"perPage\":1},\"939\":{\"perPage\":2}},\"arrows\":false,\"pagination\":true,\"rewind\":true}><div class=\"block-title is-wide\" data-animate=\"T_FADE_DOWN\"><div class=\"row row-grid\"><div class=\"col-12 col-xl-10 offset-xl-1\"><h2 class=\"has-semi-giant-font-size\">Meie teenused<\/h2><\/div><\/div><\/div><div class=\"splide__track\"><ul class=\"splide__list\"><li class=\"splide__slide\"><div class=\"post-item position-relative h-100\"><a href=\"https:\/\/estma.com\/et\/teenused\/laevade-agenteerimine\/\" class=\"post-item__start d-block position-relative\"><img loading=\"lazy\" decoding=\"async\" width=\"380\" height=\"220\" src=\"https:\/\/estma.com\/wp-content\/uploads\/2024\/05\/Ship-Agency-380x220.png\" class=\"attachment-thumbnail size-thumbnail\" alt=\"\" \/><\/a><div class=\"post-item__body\"><p class=\"font-pt-serif has-large-font-size\"><a href=\"https:\/\/estma.com\/et\/teenused\/laevade-agenteerimine\/\">Laevade agenteerimine<\/a><\/p><p>Laevaagendina alustanud ESTMA-l on ulatuslik t\u00f6\u00f6kogemus, millele toetudes teenindatakse \u00f6\u00f6p\u00e4ev l\u00e4bi tankeri-, kuivlasti-, konteineri-, reisi- ja merev\u00e4esektorit.<\/p><\/div><div class=\"post-item__end\"><a href=\"https:\/\/estma.com\/et\/teenused\/laevade-agenteerimine\/\" class=\"rm-link\">Vaata l\u00e4hemalt<\/a><\/div><\/div><\/li><li class=\"splide__slide\"><div class=\"post-item position-relative h-100\"><a href=\"https:\/\/estma.com\/et\/teenused\/laevamaaklerlus\/\" class=\"post-item__start d-block position-relative\"><img loading=\"lazy\" decoding=\"async\" width=\"380\" height=\"220\" src=\"https:\/\/estma.com\/wp-content\/uploads\/2024\/05\/Chartering-1-380x220.png\" class=\"attachment-thumbnail size-thumbnail\" alt=\"\" \/><\/a><div class=\"post-item__body\"><p class=\"font-pt-serif has-large-font-size\"><a href=\"https:\/\/estma.com\/et\/teenused\/laevamaaklerlus\/\">Laevamaaklerlus<\/a><\/p><p>Usaldusv\u00e4\u00e4rsed sidemed omanike ja prahtijate vahel ning teadmised kogu laevaturust v\u00f5imaldavad meil pakkuda oma klientidele kvaliteetset teenust, mis aitab prahtida eri suurusega puiste-, vedel- ja \u00fcldlasti.<\/p><\/div><div class=\"post-item__end\"><a href=\"https:\/\/estma.com\/et\/teenused\/laevamaaklerlus\/\" class=\"rm-link\">Vaata l\u00e4hemalt<\/a><\/div><\/div><\/li><li class=\"splide__slide\"><div class=\"post-item position-relative h-100\"><a href=\"https:\/\/estma.com\/et\/teenused\/lennukaubaveod\/\" class=\"post-item__start d-block position-relative\"><img loading=\"lazy\" decoding=\"async\" width=\"380\" height=\"220\" src=\"https:\/\/estma.com\/wp-content\/uploads\/2024\/05\/Air-Freight-380x220.png\" class=\"attachment-thumbnail size-thumbnail\" alt=\"\" \/><\/a><div class=\"post-item__body\"><p class=\"font-pt-serif has-large-font-size\"><a href=\"https:\/\/estma.com\/et\/teenused\/lennukaubaveod\/\">Lennukaubaveod<\/a><\/p><p>ESTMA AIR koos Euroopa koost\u00f6\u00f6partnerite v\u00f5rgustikuga on \u00fcks Euroopa m\u00e4rkimisv\u00e4\u00e4rseim lennuekspediitor, kes tegutseb kogu maailmas.<\/p><\/div><div class=\"post-item__end\"><a href=\"https:\/\/estma.com\/et\/teenused\/lennukaubaveod\/\" class=\"rm-link\">Vaata l\u00e4hemalt<\/a><\/div><\/div><\/li><li class=\"splide__slide\"><div class=\"post-item position-relative h-100\"><a href=\"https:\/\/estma.com\/et\/teenused\/kaupade-ekspedeerimine\/\" class=\"post-item__start d-block position-relative\"><img loading=\"lazy\" decoding=\"async\" width=\"380\" height=\"220\" src=\"https:\/\/estma.com\/wp-content\/uploads\/2024\/05\/Freight-Forwarding-380x220.png\" class=\"attachment-thumbnail size-thumbnail\" alt=\"\" \/><\/a><div class=\"post-item__body\"><p class=\"font-pt-serif has-large-font-size\"><a href=\"https:\/\/estma.com\/et\/teenused\/kaupade-ekspedeerimine\/\">Kaupade ekspedeerimine<\/a><\/p><p>Ekspediitoril on optimaalse logistika tagamisel p\u00f5hiroll. Seet\u00f5ttu on ESTMA teeninduse p\u00f5hikriteeriumid usaldusv\u00e4\u00e4rsus, ajagraafik ja maksumus.<\/p><\/div><div class=\"post-item__end\"><a href=\"https:\/\/estma.com\/et\/teenused\/kaupade-ekspedeerimine\/\" class=\"rm-link\">Vaata l\u00e4hemalt<\/a><\/div><\/div><\/li><li class=\"splide__slide\"><div class=\"post-item position-relative h-100\"><a href=\"https:\/\/estma.com\/et\/teenused\/konsolideeritud-ja-projektkaubavedu\/\" class=\"post-item__start d-block position-relative\"><img loading=\"lazy\" decoding=\"async\" width=\"380\" height=\"220\" src=\"https:\/\/estma.com\/wp-content\/uploads\/2023\/10\/estma-project-cargo-02-380x220.jpg\" class=\"attachment-thumbnail size-thumbnail\" alt=\"Project cargo\" \/><\/a><div class=\"post-item__body\"><p class=\"font-pt-serif has-large-font-size\"><a href=\"https:\/\/estma.com\/et\/teenused\/konsolideeritud-ja-projektkaubavedu\/\">Konsolideeritud ja projektkaubavedu<\/a><\/p><p>Projektsaadetis on \u00fclem\u00f5\u00f5duline, tavaliselt v\u00e4ga v\u00e4\u00e4rtuslik ja konteinerist suurem (OOG), vajades teisaldamiseks eriseadmeid, nagu kraanad, veokid v\u00f5i muud t\u00f6\u00f6riistad, ning sageli tuleb j\u00e4rgida ka marsruudivaliku, lasti kinnitamise ja dokumenteerimise puhul erin\u00f5udeid.<\/p><\/div><div class=\"post-item__end\"><a href=\"https:\/\/estma.com\/et\/teenused\/konsolideeritud-ja-projektkaubavedu\/\" class=\"rm-link\">Vaata l\u00e4hemalt<\/a><\/div><\/div><\/li><li class=\"splide__slide\"><div class=\"post-item position-relative h-100\"><a href=\"https:\/\/estma.com\/et\/teenused\/tolliteenused\/\" class=\"post-item__start d-block position-relative\"><img loading=\"lazy\" decoding=\"async\" width=\"380\" height=\"220\" src=\"https:\/\/estma.com\/wp-content\/uploads\/2023\/09\/estma-customs-services-380x220.jpg\" class=\"attachment-thumbnail size-thumbnail\" alt=\"Customs Services\" \/><\/a><div class=\"post-item__body\"><p class=\"font-pt-serif has-large-font-size\"><a href=\"https:\/\/estma.com\/et\/teenused\/tolliteenused\/\">Tolliteenused<\/a><\/p><p>ESTMA osutab igasuguse kaubaveo jaoks igat liiki tollivormistusteenuseid. Meie meeskond aitab teil leida oma kauba jaoks parima tollivormistuslahenduse.<\/p><\/div><div class=\"post-item__end\"><a href=\"https:\/\/estma.com\/et\/teenused\/tolliteenused\/\" class=\"rm-link\">Vaata l\u00e4hemalt<\/a><\/div><\/div><\/li><li class=\"splide__slide\"><div class=\"post-item position-relative h-100\"><a href=\"https:\/\/estma.com\/et\/teenused\/ladustamine\/\" class=\"post-item__start d-block position-relative\"><img loading=\"lazy\" decoding=\"async\" width=\"380\" height=\"220\" src=\"https:\/\/estma.com\/wp-content\/uploads\/2024\/05\/Warehousing-380x220.png\" class=\"attachment-thumbnail size-thumbnail\" alt=\"\" \/><\/a><div class=\"post-item__body\"><p class=\"font-pt-serif has-large-font-size\"><a href=\"https:\/\/estma.com\/et\/teenused\/ladustamine\/\">Ladustamine<\/a><\/p><p>ESTMA Terminal pakub professionaalset lao- ja terminaliteenust. ESTMA Terminal pakub professionaalset lao- ja terminaliteenust. Meil on tollilaoteenuste osutamiseks olemas tollilitsents.<\/p><\/div><div class=\"post-item__end\"><a href=\"https:\/\/estma.com\/et\/teenused\/ladustamine\/\" class=\"rm-link\">Vaata l\u00e4hemalt<\/a><\/div><\/div><\/li><li class=\"splide__slide\"><div class=\"post-item position-relative h-100\"><a href=\"https:\/\/estma.com\/et\/teenused\/ekskursiooniteenused\/\" class=\"post-item__start d-block position-relative\"><img loading=\"lazy\" decoding=\"async\" width=\"380\" height=\"220\" src=\"https:\/\/estma.com\/wp-content\/uploads\/2024\/05\/Shorex-380x220.png\" class=\"attachment-thumbnail size-thumbnail\" alt=\"\" \/><\/a><div class=\"post-item__body\"><p class=\"font-pt-serif has-large-font-size\"><a href=\"https:\/\/estma.com\/et\/teenused\/ekskursiooniteenused\/\">Ekskursiooniteenused<\/a><\/p><p>ESTMA korraldab 2000. aastast alates ekskursioone. Teenuste \u00fchendatus tagab k\u00f5ige paindlikuma korralduse.<\/p><\/div><div class=\"post-item__end\"><a href=\"https:\/\/estma.com\/et\/teenused\/ekskursiooniteenused\/\" class=\"rm-link\">Vaata l\u00e4hemalt<\/a><\/div><\/div><\/li><li class=\"splide__slide\"><div class=\"post-item position-relative h-100\"><a href=\"https:\/\/estma.com\/et\/teenused\/kaubanduse-rahastamise-abi\/\" class=\"post-item__start d-block position-relative\"><img loading=\"lazy\" decoding=\"async\" width=\"380\" height=\"220\" src=\"https:\/\/estma.com\/wp-content\/uploads\/2024\/05\/Trade-Finance-380x220.png\" class=\"attachment-thumbnail size-thumbnail\" alt=\"\" \/><\/a><div class=\"post-item__body\"><p class=\"font-pt-serif has-large-font-size\"><a href=\"https:\/\/estma.com\/et\/teenused\/kaubanduse-rahastamise-abi\/\">Kaubanduse rahastamise abi<\/a><\/p><p>ESTMA aitab partnerettev\u00f5tetel saada rahastust \u00e4ritegevuse h\u00f5lbustamiseks, kuid pakub paljudel juhtudel ka krediidiliine v\u00f5i nende pikendamist.<\/p><\/div><div class=\"post-item__end\"><a href=\"https:\/\/estma.com\/et\/teenused\/kaubanduse-rahastamise-abi\/\" class=\"rm-link\">Vaata l\u00e4hemalt<\/a><\/div><\/div><\/li><\/ul><ul class=\"splide__pagination\"><\/ul><\/div><div class=\"block-btn is-wide text-center\" data-animate=\"T_FADE_UP\"><a href=\"https:\/\/estma.com\/et\/teenused\/\" class=\"ama-contact__person_all_ofices\">K\u00f5ik teenused<svg width=\"7\" height=\"12\" viewBox=\"0 0 7 12\" fill=\"none\" xmlns=\"http:\/\/www.w3.org\/2000\/svg\"><path id=\"Vector 1\" d=\"M1 1L5.29289 5.29289C5.68342 5.68342 5.68342 6.31658 5.29289 6.70711L1 11\" stroke=\"#0000FF\" stroke-width=\"2\" stroke-linecap=\"round\"><\/path><\/svg><\/a><\/div><\/div>\n\n<div class=\"ama-block block-bgcolor has-third-background-color has-smaller-padding alignmax\"><div class=\"acf-innerblocks-container\">\n<div class=\"ama-block block-icon-txt overflow-hidden\"><div class=\"d-flex flex-wrap justify-content-center\"><div class=\"block-icon-txt__item\" data-animate=\"T_FADE_ZOOM\"><div class=\"item__icon\"><img loading=\"lazy\" decoding=\"async\" width=\"148\" height=\"160\" src=\"https:\/\/estma.com\/wp-content\/uploads\/fly-images\/1474\/photo_2024-05-29_11-47-38-200x160.jpg\" class=\"attachment-img-200x160\" alt=\"photo_2024-05-29_11-47-38\" \/><\/div><div class=\"item__content classic-editor\"><p><span style=\"color: #929aa6;\">K\u00f5ik ESTMA \u00e4ri\u00fcksused on saanud globaalse logistika sertifikaadi <strong>ISO 9001:2015<\/strong>. Sellele sertifikaadile tuginevad meie paindlikud ja korrektsed ning \u00fcha t\u00e4iustuvad teenused klientidele.<\/span><\/p>\n<\/div><\/div><div class=\"block-icon-txt__item\" data-animate=\"T_FADE_ZOOM\"><div class=\"item__icon\"><img decoding=\"async\" src=\"https:\/\/estma.com\/wp-content\/uploads\/2024\/05\/iata-2.svg\" alt=\"\" \/><\/div><div class=\"item__content classic-editor\"><p><span style=\"color: #929aa6;\">ESTMA on sertifitseeritud IATA kaubaagent, kes pakub otsest juurdep\u00e4\u00e4su lennufirmade kaubaveov\u00f5imalustele kogu maailmas.<\/span><\/p>\n<\/div><\/div><\/div><\/div>\n<\/div><\/div>","protected":false},"excerpt":{"rendered":"","protected":false},"author":1,"featured_media":0,"parent":0,"menu_order":1,"comment_status":"closed","ping_status":"closed","template":"","meta":{"inline_featured_image":false,"footnotes":""},"class_list":["post-658","page","type-page","status-publish","hentry"],"acf":[],"_links":{"self":[{"href":"https:\/\/estma.com\/et\/wp-json\/wp\/v2\/pages\/658","targetHints":{"allow":["GET"]}}],"collection":[{"href":"https:\/\/estma.com\/et\/wp-json\/wp\/v2\/pages"}],"about":[{"href":"https:\/\/estma.com\/et\/wp-json\/wp\/v2\/types\/page"}],"author":[{"embeddable":true,"href":"https:\/\/estma.com\/et\/wp-json\/wp\/v2\/users\/1"}],"replies":[{"embeddable":true,"href":"https:\/\/estma.com\/et\/wp-json\/wp\/v2\/comments?post=658"}],"version-history":[{"count":61,"href":"https:\/\/estma.com\/et\/wp-json\/wp\/v2\/pages\/658\/revisions"}],"predecessor-version":[{"id":1655,"href":"https:\/\/estma.com\/et\/wp-json\/wp\/v2\/pages\/658\/revisions\/1655"}],"wp:attachment":[{"href":"https:\/\/estma.com\/et\/wp-json\/wp\/v2\/media?parent=658"}],"curies":[{"name":"wp","href":"https:\/\/api.w.org\/{rel}","templated":true}]}}